{"id":797,"date":"2021-04-21T19:17:13","date_gmt":"2021-04-21T19:17:13","guid":{"rendered":"https:\/\/cleopatraimportexport.com\/?page_id=797"},"modified":"2021-04-21T19:17:13","modified_gmt":"2021-04-21T19:17:13","slug":"cookies-et-politique-de-confidentialite","status":"publish","type":"page","link":"https:\/\/cleopatraimportexport.com\/fr\/cookies-et-politique-de-confidentialite\/","title":{"rendered":"Cookies et politique de confidentialit\u00e9"},"content":{"rendered":"<div class=\"iub_header\">\n<h2>Cookies et politique de confidentialit\u00e9 de www.cleopatraimportexport.com<\/h2>\n<p>Pour plus d&rsquo;informations sur vos donn\u00e9es personnelles collect\u00e9es, les finalit\u00e9s et les sujets avec lesquels les donn\u00e9es sont partag\u00e9es, contactez le responsable du traitement.<\/p>\n<h2>Contr\u00f4leur de donn\u00e9es<\/h2>\n<p><strong>Cl\u00e9op\u00e2tre<\/strong><br \/>\nsoci\u00e9t\u00e9 g\u00e9n\u00e9rale d&rsquo;importation et d&rsquo;exportation<\/p>\n<p>22 Tiba, Al Ibrahimeyah Bahri WA Sidi Gaber, Alexandris of Egypt, Egypt<\/p>\n<p>Num\u00e9ro de TVA 213428059<\/p>\n<p><strong>Courriel de contact du Propri\u00e9taire<\/strong>: info@cleopatraimportexport.com<\/p>\n<h2>Types de donn\u00e9es collect\u00e9es<\/h2>\n<p>Le responsable du traitement ne fournit pas de liste des types de donn\u00e9es personnelles collect\u00e9es.<\/p>\n<p>Des d\u00e9tails complets sur chaque type de donn\u00e9es collect\u00e9es sont fournis dans les sections d\u00e9di\u00e9es de cette politique de confidentialit\u00e9 ou \u00e0 travers des textes d&rsquo;information sp\u00e9cifiques affich\u00e9s avant la collecte des donn\u00e9es.<br \/>\nLes donn\u00e9es personnelles peuvent \u00eatre librement fournies par l&rsquo;utilisateur ou, dans le cas des donn\u00e9es d&rsquo;utilisation, collect\u00e9es automatiquement lors de l&rsquo;utilisation de cette application.<br \/>\nSauf indication contraire, toutes les donn\u00e9es demand\u00e9es par cette application sont obligatoires. Si l&rsquo;Utilisateur refuse de les communiquer, il peut \u00eatre impossible pour cette Application de fournir le Service. Dans les cas o\u00f9 cette Application indique certaines Donn\u00e9es comme facultatives, les Utilisateurs sont libres de s&rsquo;abstenir de communiquer ces Donn\u00e9es, sans que cela n&rsquo;ait aucune cons\u00e9quence sur la disponibilit\u00e9 du Service ou sur son fonctionnement.<br \/>\nLes utilisateurs qui ont des doutes sur les donn\u00e9es obligatoires sont encourag\u00e9s \u00e0 contacter le propri\u00e9taire.<br \/>\nToute utilisation de cookies &#8211; ou d&rsquo;autres outils de suivi &#8211; par cette application ou par les propri\u00e9taires de services tiers utilis\u00e9s par cette application, sauf indication contraire, est destin\u00e9e \u00e0 fournir le service demand\u00e9 par l&rsquo;utilisateur, en plus des autres finalit\u00e9s d\u00e9crites dans le pr\u00e9sent document et dans la politique en mati\u00e8re de cookies, si disponible.<\/p>\n<p>L&rsquo;Utilisateur assume la responsabilit\u00e9 des Donn\u00e9es Personnelles de tiers obtenues, publi\u00e9es ou partag\u00e9es via cette Application et garantit avoir le droit de les communiquer ou de les diffuser, lib\u00e9rant ainsi le Propri\u00e9taire de toute responsabilit\u00e9 envers des tiers.<\/p>\n<h2>Mode et lieu de traitement des donn\u00e9es collect\u00e9es<\/h2>\n<h3>M\u00e9thodes de traitement<\/h3>\n<p>Le propri\u00e9taire prend les mesures de s\u00e9curit\u00e9 appropri\u00e9es pour emp\u00eacher l&rsquo;acc\u00e8s, la divulgation, la modification ou la destruction non autoris\u00e9s des donn\u00e9es personnelles.<br \/>\nLe traitement est effectu\u00e9 \u00e0 l&rsquo;aide d&rsquo;outils informatiques et \/ ou t\u00e9l\u00e9matiques, avec des m\u00e9thodes d&rsquo;organisation et avec une logique strictement li\u00e9e aux finalit\u00e9s indiqu\u00e9es. En plus du Responsable du traitement, dans certains cas, d&rsquo;autres sujets impliqu\u00e9s dans l&rsquo;organisation de cette Application (administratifs, commerciaux, marketing, juridiques, administrateurs syst\u00e8me) ou des sujets externes (tels que des fournisseurs de services techniques tiers, des courriers postaux) peuvent avoir acc\u00e8s aux Donn\u00e9es, h\u00e9bergeurs, soci\u00e9t\u00e9s informatiques, agences de communication) \u00e9galement d\u00e9sign\u00e9s, le cas \u00e9ch\u00e9ant, en tant que Sous-traitants par le Responsable du Traitement. La liste mise \u00e0 jour des Managers peut toujours \u00eatre demand\u00e9e au Responsable du Traitement.<\/p>\n<h3>Base juridique du traitement<\/h3>\n<p>Le responsable du traitement traite les donn\u00e9es personnelles relatives \u00e0 l&rsquo;utilisateur si l&rsquo;une des conditions suivantes existe:<\/p>\n<ul>\n<li>l&rsquo;Utilisateur a donn\u00e9 son consentement pour une ou plusieurs finalit\u00e9s sp\u00e9cifiques; Remarque: dans certaines juridictions, le contr\u00f4leur de donn\u00e9es peut \u00eatre autoris\u00e9 \u00e0 traiter des donn\u00e9es personnelles sans le consentement de l&rsquo;utilisateur ou une autre des bases juridiques sp\u00e9cifi\u00e9es ci-dessous, tant que l&rsquo;utilisateur ne s&rsquo;oppose pas (\u00ab\u00a0opt-out\u00a0\u00bb) \u00e0 un tel traitement. Cependant, cela n&rsquo;est pas applicable si le traitement des donn\u00e9es personnelles est r\u00e9gi par la l\u00e9gislation europ\u00e9enne sur la protection des donn\u00e9es personnelles;<\/li>\n<li>le traitement est n\u00e9cessaire \u00e0 l&rsquo;ex\u00e9cution d&rsquo;un contrat avec l&rsquo;Utilisateur et \/ ou \u00e0 l&rsquo;ex\u00e9cution de mesures pr\u00e9contractuelles;<\/li>\n<li>le traitement est n\u00e9cessaire pour remplir une obligation l\u00e9gale \u00e0 laquelle le responsable du traitement est soumis;<\/li>\n<li>le traitement est n\u00e9cessaire \u00e0 l&rsquo;accomplissement d&rsquo;une mission d&rsquo;int\u00e9r\u00eat public ou \u00e0 l&rsquo;exercice de la puissance publique d\u00e9volue au propri\u00e9taire;<\/li>\n<li>le traitement est n\u00e9cessaire \u00e0 la poursuite de l&rsquo;int\u00e9r\u00eat l\u00e9gitime du responsable du traitement ou de tiers.<\/li>\n<\/ul>\n<p>Cependant, il est toujours possible de demander au Responsable du traitement de clarifier la base juridique concr\u00e8te de chaque traitement et notamment de pr\u00e9ciser si le traitement est bas\u00e9 sur la loi, pr\u00e9vu par un contrat ou n\u00e9cessaire \u00e0 la conclusion d&rsquo;un contrat.<\/p>\n<\/div>\n<div class=\"one_line_col\">\n<h3>Lieu<\/h3>\n<p>Les donn\u00e9es sont trait\u00e9es dans les bureaux d&rsquo;exploitation du responsable du traitement et dans tout autre lieu o\u00f9 se trouvent les parties impliqu\u00e9es dans le traitement. Pour plus d&rsquo;informations, veuillez contacter le responsable du traitement.<br \/>\nLes Donn\u00e9es Personnelles de l&rsquo;Utilisateur peuvent \u00eatre transf\u00e9r\u00e9es vers un pays autre que celui dans lequel se trouve l&rsquo;Utilisateur. Pour obtenir de plus amples informations sur le lieu du traitement, l&rsquo;Utilisateur peut se r\u00e9f\u00e9rer \u00e0 la section relative aux d\u00e9tails sur le traitement des Donn\u00e9es Personnelles.<\/p>\n<p>L&rsquo;Utilisateur a le droit d&rsquo;obtenir des informations concernant la base juridique du transfert de Donn\u00e9es en dehors de l&rsquo;Union europ\u00e9enne ou \u00e0 une organisation internationale r\u00e9gie par le droit international public ou compos\u00e9e de deux ou plusieurs pays, tels que l&rsquo;ONU, ainsi que concernant la s\u00e9curit\u00e9 mesures adopt\u00e9es par le responsable du traitement pour prot\u00e9ger les donn\u00e9es.<\/p>\n<p>L&rsquo;Utilisateur peut v\u00e9rifier si l&rsquo;un des transferts d\u00e9crits ci-dessus a lieu en examinant la section de ce document relative aux d\u00e9tails sur le traitement des Donn\u00e9es Personnelles ou demander des informations au Responsable du Traitement en le contactant aux coordonn\u00e9es d&rsquo;ouverture.<\/p>\n<h3>Dur\u00e9e de conservation<\/h3>\n<p>Les Donn\u00e9es sont trait\u00e9es et conserv\u00e9es pendant la dur\u00e9e requise par les finalit\u00e9s pour lesquelles elles ont \u00e9t\u00e9 collect\u00e9es.<\/p>\n<p>Par cons\u00e9quent:<\/p>\n<ul>\n<li>Les donn\u00e9es personnelles collect\u00e9es \u00e0 des fins li\u00e9es \u00e0 l&rsquo;ex\u00e9cution d&rsquo;un contrat entre le propri\u00e9taire et l&rsquo;utilisateur seront conserv\u00e9es jusqu&rsquo;\u00e0 la fin de l&rsquo;ex\u00e9cution de ce contrat.<\/li>\n<li>Les donn\u00e9es personnelles collect\u00e9es \u00e0 des fins li\u00e9es \u00e0 l&rsquo;int\u00e9r\u00eat l\u00e9gitime du responsable du traitement seront conserv\u00e9es jusqu&rsquo;\u00e0 ce que cet int\u00e9r\u00eat soit satisfait. L&rsquo;Utilisateur peut obtenir de plus amples informations concernant l&rsquo;int\u00e9r\u00eat l\u00e9gitime poursuivi par le Propri\u00e9taire dans les sections pertinentes de ce document ou en contactant le Propri\u00e9taire.<\/li>\n<\/ul>\n<p>Lorsque le traitement est bas\u00e9 sur le consentement de l&rsquo;utilisateur, le responsable du traitement peut conserver les donn\u00e9es personnelles plus longtemps jusqu&rsquo;\u00e0 ce que ce consentement soit r\u00e9voqu\u00e9. En outre, le responsable du traitement peut \u00eatre oblig\u00e9 de conserver les donn\u00e9es personnelles pendant une p\u00e9riode plus longue conform\u00e9ment \u00e0 une obligation l\u00e9gale ou sur ordre d&rsquo;une autorit\u00e9.<\/p>\n<p>\u00c0 la fin de la p\u00e9riode de conservation, les donn\u00e9es personnelles seront supprim\u00e9es. Par cons\u00e9quent, \u00e0 la fin de ce terme, le droit d&rsquo;acc\u00e8s, d&rsquo;annulation, de rectification et le droit \u00e0 la portabilit\u00e9 des donn\u00e9es ne peuvent plus \u00eatre exerc\u00e9s.<\/p>\n<\/div>\n<div class=\"one_line_col\">\n<h2>Droits de l&rsquo;utilisateur<\/h2>\n<p>Les utilisateurs peuvent exercer certains droits en r\u00e9f\u00e9rence aux donn\u00e9es trait\u00e9es par le responsable du traitement.<\/p>\n<p>En particulier, l&rsquo;Utilisateur a le droit de:<\/p>\n<ul>\n<li><strong>retirer son consentement \u00e0 tout moment<\/strong>. L&rsquo;Utilisateur peut r\u00e9voquer le consentement au traitement de ses Donn\u00e9es Personnelles pr\u00e9c\u00e9demment exprim\u00e9.<\/li>\n<li><strong>s&rsquo;opposer au traitement de ses donn\u00e9es<\/strong>. L&rsquo;utilisateur peut s&rsquo;opposer au traitement de ses donn\u00e9es lorsqu&rsquo;il a lieu sur une base l\u00e9gale autre que le consentement. De plus amples d\u00e9tails sur le droit d&rsquo;opposition sont indiqu\u00e9s dans la section ci-dessous.<\/li>\n<li><strong>acc\u00e9der \u00e0 leurs donn\u00e9es.<\/strong> L&rsquo;Utilisateur a le droit d&rsquo;obtenir des informations sur les Donn\u00e9es trait\u00e9es par le Responsable du Traitement, sur certains aspects du traitement et de recevoir une copie des Donn\u00e9es trait\u00e9es.<\/li>\n<li><strong>v\u00e9rifier et demander une rectification.<\/strong> L&rsquo;Utilisateur peut v\u00e9rifier l&rsquo;exactitude de ses Donn\u00e9es et demander sa mise \u00e0 jour ou sa correction.<\/li>\n<li><strong>obtenir la limitation du traitement.<\/strong> Lorsque certaines conditions sont remplies, l&rsquo;Utilisateur peut demander la limitation du traitement de ses Donn\u00e9es.Dans ce cas, le Responsable du traitement ne traitera pas les Donn\u00e9es \u00e0 d&rsquo;autres fins que leur conservation.<\/li>\n<li><strong>obtenir l&rsquo;annulation ou la suppression de leurs donn\u00e9es personnelles.<\/strong> Lorsque certaines conditions sont remplies, l&rsquo;Utilisateur peut demander l&rsquo;annulation de ses Donn\u00e9es par le Propri\u00e9taire.<\/li>\n<li><strong>recevoir leurs donn\u00e9es ou les faire transf\u00e9rer \u00e0 un autre propri\u00e9taire.<\/strong> L&rsquo;Utilisateur a le droit de recevoir ses Donn\u00e9es dans un format structur\u00e9, couramment utilis\u00e9 et lisible par un appareil automatique et, lorsque cela est techniquement possible, d&rsquo;obtenir leur transfert sans entrave \u00e0 un autre propri\u00e9taire. Cette disposition est applicable lorsque les Donn\u00e9es sont trait\u00e9es avec des outils automatis\u00e9s et que le traitement est bas\u00e9 sur le consentement de l&rsquo;Utilisateur, sur un contrat auquel l&rsquo;Utilisateur est partie ou sur des mesures contractuelles qui y sont li\u00e9es.<\/li>\n<li><strong>proposer une plainte.<\/strong> L&rsquo;Utilisateur peut d\u00e9poser une plainte aupr\u00e8s de l&rsquo;autorit\u00e9 de contr\u00f4le comp\u00e9tente en mati\u00e8re de protection des donn\u00e9es personnelles ou intenter une action en justice.<\/li>\n<\/ul>\n<h3>D\u00e9tails sur le droit d&rsquo;opposition<\/h3>\n<p>Lorsque les donn\u00e9es personnelles sont trait\u00e9es dans l&rsquo;int\u00e9r\u00eat public, dans l&rsquo;exercice de l&rsquo;autorit\u00e9 publique d\u00e9volue au propri\u00e9taire ou pour poursuivre un int\u00e9r\u00eat l\u00e9gitime du propri\u00e9taire, les utilisateurs ont le droit de s&rsquo;opposer au traitement pour des raisons li\u00e9es \u00e0 leur situation particuli\u00e8re.<\/p>\n<p>Il est rappel\u00e9 aux utilisateurs que, si leurs donn\u00e9es sont trait\u00e9es \u00e0 des fins de marketing direct, ils peuvent s&rsquo;opposer au traitement sans fournir de motifs. Pour savoir si le contr\u00f4leur de donn\u00e9es traite les donn\u00e9es \u00e0 des fins de marketing direct, les utilisateurs peuvent se r\u00e9f\u00e9rer aux sections respectives de ce document.<\/p>\n<h3>Comment exercer vos droits<\/h3>\n<p>Pour exercer les droits de l&rsquo;Utilisateur, les Utilisateurs peuvent adresser une demande aux coordonn\u00e9es du Propri\u00e9taire indiqu\u00e9es dans ce document. Les demandes sont d\u00e9pos\u00e9es gratuitement et trait\u00e9es par le responsable du traitement dans les meilleurs d\u00e9lais, en tout \u00e9tat de cause dans un d\u00e9lai d&rsquo;un mois.<\/p>\n<\/div>\n<div class=\"one_line_col\">\n<h2>Plus d&rsquo;informations sur le traitement<\/h2>\n<h3>D\u00e9fense devant le tribunal<\/h3>\n<p>Les donn\u00e9es personnelles de l&rsquo;utilisateur peuvent \u00eatre utilis\u00e9es par le propri\u00e9taire devant un tribunal ou dans les \u00e9tapes pr\u00e9paratoires de son \u00e9tablissement \u00e9ventuel pour la d\u00e9fense contre les abus dans l&rsquo;utilisation de cette application ou des services connexes par l&rsquo;utilisateur.<br \/>\nL&rsquo;Utilisateur d\u00e9clare \u00eatre conscient que le Propri\u00e9taire peut \u00eatre oblig\u00e9 de divulguer les Donn\u00e9es sur ordre des autorit\u00e9s publiques.<\/p>\n<h3>Information sp\u00e9cifique<\/h3>\n<p>\u00c0 la demande de l&rsquo;utilisateur, en plus des informations contenues dans cette politique de confidentialit\u00e9, cette application peut fournir \u00e0 l&rsquo;utilisateur des informations suppl\u00e9mentaires et contextuelles concernant des services sp\u00e9cifiques, ou la collecte et le traitement de donn\u00e9es personnelles.<\/p>\n<h3>Journal syst\u00e8me et maintenance<\/h3>\n<p>Pour les besoins li\u00e9s \u00e0 l&rsquo;exploitation et \u00e0 la maintenance, cette application et tout service tiers utilis\u00e9 par elle peuvent collecter des journaux syst\u00e8me, qui sont des fichiers qui enregistrent les interactions et qui peuvent \u00e9galement contenir des donn\u00e9es personnelles, telles que l&rsquo;adresse IP de l&rsquo;utilisateur.<\/p>\n<h3>Informations non contenues dans cette politique<\/h3>\n<p>De plus amples informations relatives au traitement des donn\u00e9es personnelles peuvent \u00eatre demand\u00e9es \u00e0 tout moment au responsable du traitement en utilisant les coordonn\u00e9es.<\/p>\n<h3>R\u00e9ponse aux demandes \u00ab\u00a0Ne pas suivre\u00a0\u00bb<\/h3>\n<p>Cette application ne prend pas en charge les demandes \u00abNe pas suivre\u00bb.<br \/>\nPour savoir si des services tiers utilis\u00e9s les prennent en charge, l&rsquo;Utilisateur est invit\u00e9 \u00e0 consulter leurs politiques de confidentialit\u00e9 respectives.<\/p>\n<h3>Modifications de cette politique de confidentialit\u00e9<\/h3>\n<p>Le responsable du traitement se r\u00e9serve le droit d&rsquo;apporter des modifications \u00e0 cette politique de confidentialit\u00e9 \u00e0 tout moment en informant les utilisateurs sur cette page et, si possible, sur cette application ainsi que, si cela est techniquement et l\u00e9galement possible, en envoyant une notification aux utilisateurs via l&rsquo;un des extr\u00eames de contact qu&rsquo;il a. Veuillez donc consulter fr\u00e9quemment cette page en vous r\u00e9f\u00e9rant \u00e0 la date de la derni\u00e8re modification indiqu\u00e9e en bas.<\/p>\n<p>Si les modifications concernent des traitements dont la base l\u00e9gale est le consentement, le Responsable du traitement recueille le consentement de l&rsquo;Utilisateur, si n\u00e9cessaire.<\/p>\n<\/div>\n","protected":false},"excerpt":{"rendered":"<p>Cookies et politique de confidentialit\u00e9 de www.cleopatraimportexport.com Pour plus d&rsquo;informations sur vos donn\u00e9es personnelles collect\u00e9es, les finalit\u00e9s et les sujets avec lesquels les donn\u00e9es sont partag\u00e9es, contactez le responsable du traitement. Contr\u00f4leur de donn\u00e9es Cl\u00e9op\u00e2tre soci\u00e9t\u00e9 g\u00e9n\u00e9rale d&rsquo;importation et d&rsquo;exportation<\/p>\n","protected":false},"author":2,"featured_media":0,"parent":0,"menu_order":5,"comment_status":"closed","ping_status":"closed","template":"","meta":{"footnotes":""},"yoast_head":"<!-- This site is optimized with the Yoast SEO plugin v24.5 - https:\/\/yoast.com\/wordpress\/plugins\/seo\/ -->\n<title>Cookies et politique de confidentialit\u00e9 - Cleopatra general import and export company - Egypt Italy and Europe<\/title>\n<meta name=\"robots\" content=\"index, follow, max-snippet:-1, max-image-preview:large, max-video-preview:-1\" \/>\n<link rel=\"canonical\" href=\"https:\/\/cleopatraimportexport.com\/fr\/cookies-et-politique-de-confidentialite\/\" \/>\n<meta property=\"og:locale\" content=\"fr_FR\" \/>\n<meta property=\"og:type\" content=\"article\" \/>\n<meta property=\"og:title\" content=\"Cookies et politique de confidentialit\u00e9 - Cleopatra general import and export company - Egypt Italy and Europe\" \/>\n<meta property=\"og:description\" content=\"Cookies et politique de confidentialit\u00e9 de www.cleopatraimportexport.com Pour plus d&rsquo;informations sur vos donn\u00e9es personnelles collect\u00e9es, les finalit\u00e9s et les sujets avec lesquels les donn\u00e9es sont partag\u00e9es, contactez le responsable du traitement. Contr\u00f4leur de donn\u00e9es Cl\u00e9op\u00e2tre soci\u00e9t\u00e9 g\u00e9n\u00e9rale d&rsquo;importation et d&rsquo;exportation\" \/>\n<meta property=\"og:url\" content=\"https:\/\/cleopatraimportexport.com\/fr\/cookies-et-politique-de-confidentialite\/\" \/>\n<meta property=\"og:site_name\" content=\"Cleopatra general import and export company - Egypt Italy and Europe\" \/>\n<meta name=\"twitter:card\" content=\"summary_large_image\" \/>\n<meta name=\"twitter:label1\" content=\"Dur\u00e9e de lecture estim\u00e9e\" \/>\n\t<meta name=\"twitter:data1\" content=\"9 minutes\" \/>\n<script type=\"application\/ld+json\" class=\"yoast-schema-graph\">{\"@context\":\"https:\/\/schema.org\",\"@graph\":[{\"@type\":\"WebPage\",\"@id\":\"https:\/\/cleopatraimportexport.com\/fr\/cookies-et-politique-de-confidentialite\/\",\"url\":\"https:\/\/cleopatraimportexport.com\/fr\/cookies-et-politique-de-confidentialite\/\",\"name\":\"Cookies et politique de confidentialit\u00e9 - Cleopatra general import and export company - Egypt Italy and Europe\",\"isPartOf\":{\"@id\":\"https:\/\/cleopatraimportexport.com\/#website\"},\"datePublished\":\"2021-04-21T19:17:13+00:00\",\"breadcrumb\":{\"@id\":\"https:\/\/cleopatraimportexport.com\/fr\/cookies-et-politique-de-confidentialite\/#breadcrumb\"},\"inLanguage\":\"fr-FR\",\"potentialAction\":[{\"@type\":\"ReadAction\",\"target\":[\"https:\/\/cleopatraimportexport.com\/fr\/cookies-et-politique-de-confidentialite\/\"]}]},{\"@type\":\"BreadcrumbList\",\"@id\":\"https:\/\/cleopatraimportexport.com\/fr\/cookies-et-politique-de-confidentialite\/#breadcrumb\",\"itemListElement\":[{\"@type\":\"ListItem\",\"position\":1,\"name\":\"Home\",\"item\":\"https:\/\/cleopatraimportexport.com\/fr\/\"},{\"@type\":\"ListItem\",\"position\":2,\"name\":\"Cookies et politique de confidentialit\u00e9\"}]},{\"@type\":\"WebSite\",\"@id\":\"https:\/\/cleopatraimportexport.com\/#website\",\"url\":\"https:\/\/cleopatraimportexport.com\/\",\"name\":\"Cleopatra general import and export company - Egypt Italy and Europe\",\"description\":\"Cleopatra general import and export company - Egypt Italy and Europe\",\"publisher\":{\"@id\":\"https:\/\/cleopatraimportexport.com\/#organization\"},\"potentialAction\":[{\"@type\":\"SearchAction\",\"target\":{\"@type\":\"EntryPoint\",\"urlTemplate\":\"https:\/\/cleopatraimportexport.com\/?s={search_term_string}\"},\"query-input\":{\"@type\":\"PropertyValueSpecification\",\"valueRequired\":true,\"valueName\":\"search_term_string\"}}],\"inLanguage\":\"fr-FR\"},{\"@type\":\"Organization\",\"@id\":\"https:\/\/cleopatraimportexport.com\/#organization\",\"name\":\"Cleopatra general import and export company - Egypt Italy and Europe\",\"url\":\"https:\/\/cleopatraimportexport.com\/\",\"logo\":{\"@type\":\"ImageObject\",\"inLanguage\":\"fr-FR\",\"@id\":\"https:\/\/cleopatraimportexport.com\/#\/schema\/logo\/image\/\",\"url\":\"https:\/\/cleopatraimportexport.com\/wp-content\/uploads\/2021\/02\/logo_cleopatra.png\",\"contentUrl\":\"https:\/\/cleopatraimportexport.com\/wp-content\/uploads\/2021\/02\/logo_cleopatra.png\",\"width\":180,\"height\":87,\"caption\":\"Cleopatra general import and export company - Egypt Italy and Europe\"},\"image\":{\"@id\":\"https:\/\/cleopatraimportexport.com\/#\/schema\/logo\/image\/\"}}]}<\/script>\n<!-- \/ Yoast SEO plugin. -->","yoast_head_json":{"title":"Cookies et politique de confidentialit\u00e9 - Cleopatra general import and export company - Egypt Italy and Europe","robots":{"index":"index","follow":"follow","max-snippet":"max-snippet:-1","max-image-preview":"max-image-preview:large","max-video-preview":"max-video-preview:-1"},"canonical":"https:\/\/cleopatraimportexport.com\/fr\/cookies-et-politique-de-confidentialite\/","og_locale":"fr_FR","og_type":"article","og_title":"Cookies et politique de confidentialit\u00e9 - Cleopatra general import and export company - Egypt Italy and Europe","og_description":"Cookies et politique de confidentialit\u00e9 de www.cleopatraimportexport.com Pour plus d&rsquo;informations sur vos donn\u00e9es personnelles collect\u00e9es, les finalit\u00e9s et les sujets avec lesquels les donn\u00e9es sont partag\u00e9es, contactez le responsable du traitement. Contr\u00f4leur de donn\u00e9es Cl\u00e9op\u00e2tre soci\u00e9t\u00e9 g\u00e9n\u00e9rale d&rsquo;importation et d&rsquo;exportation","og_url":"https:\/\/cleopatraimportexport.com\/fr\/cookies-et-politique-de-confidentialite\/","og_site_name":"Cleopatra general import and export company - Egypt Italy and Europe","twitter_card":"summary_large_image","twitter_misc":{"Dur\u00e9e de lecture estim\u00e9e":"9 minutes"},"schema":{"@context":"https:\/\/schema.org","@graph":[{"@type":"WebPage","@id":"https:\/\/cleopatraimportexport.com\/fr\/cookies-et-politique-de-confidentialite\/","url":"https:\/\/cleopatraimportexport.com\/fr\/cookies-et-politique-de-confidentialite\/","name":"Cookies et politique de confidentialit\u00e9 - Cleopatra general import and export company - Egypt Italy and Europe","isPartOf":{"@id":"https:\/\/cleopatraimportexport.com\/#website"},"datePublished":"2021-04-21T19:17:13+00:00","breadcrumb":{"@id":"https:\/\/cleopatraimportexport.com\/fr\/cookies-et-politique-de-confidentialite\/#breadcrumb"},"inLanguage":"fr-FR","potentialAction":[{"@type":"ReadAction","target":["https:\/\/cleopatraimportexport.com\/fr\/cookies-et-politique-de-confidentialite\/"]}]},{"@type":"BreadcrumbList","@id":"https:\/\/cleopatraimportexport.com\/fr\/cookies-et-politique-de-confidentialite\/#breadcrumb","itemListElement":[{"@type":"ListItem","position":1,"name":"Home","item":"https:\/\/cleopatraimportexport.com\/fr\/"},{"@type":"ListItem","position":2,"name":"Cookies et politique de confidentialit\u00e9"}]},{"@type":"WebSite","@id":"https:\/\/cleopatraimportexport.com\/#website","url":"https:\/\/cleopatraimportexport.com\/","name":"Cleopatra general import and export company - Egypt Italy and Europe","description":"Cleopatra general import and export company - Egypt Italy and Europe","publisher":{"@id":"https:\/\/cleopatraimportexport.com\/#organization"},"potentialAction":[{"@type":"SearchAction","target":{"@type":"EntryPoint","urlTemplate":"https:\/\/cleopatraimportexport.com\/?s={search_term_string}"},"query-input":{"@type":"PropertyValueSpecification","valueRequired":true,"valueName":"search_term_string"}}],"inLanguage":"fr-FR"},{"@type":"Organization","@id":"https:\/\/cleopatraimportexport.com\/#organization","name":"Cleopatra general import and export company - Egypt Italy and Europe","url":"https:\/\/cleopatraimportexport.com\/","logo":{"@type":"ImageObject","inLanguage":"fr-FR","@id":"https:\/\/cleopatraimportexport.com\/#\/schema\/logo\/image\/","url":"https:\/\/cleopatraimportexport.com\/wp-content\/uploads\/2021\/02\/logo_cleopatra.png","contentUrl":"https:\/\/cleopatraimportexport.com\/wp-content\/uploads\/2021\/02\/logo_cleopatra.png","width":180,"height":87,"caption":"Cleopatra general import and export company - Egypt Italy and Europe"},"image":{"@id":"https:\/\/cleopatraimportexport.com\/#\/schema\/logo\/image\/"}}]}},"_links":{"self":[{"href":"https:\/\/cleopatraimportexport.com\/fr\/wp-json\/wp\/v2\/pages\/797\/"}],"collection":[{"href":"https:\/\/cleopatraimportexport.com\/fr\/wp-json\/wp\/v2\/pages\/"}],"about":[{"href":"https:\/\/cleopatraimportexport.com\/fr\/wp-json\/wp\/v2\/types\/page\/"}],"author":[{"embeddable":true,"href":"https:\/\/cleopatraimportexport.com\/fr\/wp-json\/wp\/v2\/users\/2\/"}],"replies":[{"embeddable":true,"href":"https:\/\/cleopatraimportexport.com\/fr\/wp-json\/wp\/v2\/comments\/?post=797"}],"version-history":[{"count":0,"href":"https:\/\/cleopatraimportexport.com\/fr\/wp-json\/wp\/v2\/pages\/797\/revisions\/"}],"wp:attachment":[{"href":"https:\/\/cleopatraimportexport.com\/fr\/wp-json\/wp\/v2\/media\/?parent=797"}],"curies":[{"name":"wp","href":"https:\/\/api.w.org\/{rel}","templated":true}]}}