{"id":693,"date":"2021-04-21T18:26:47","date_gmt":"2021-04-21T18:26:47","guid":{"rendered":"https:\/\/cleopatraimportexport.com\/?page_id=693"},"modified":"2021-04-21T18:26:47","modified_gmt":"2021-04-21T18:26:47","slug":"societe","status":"publish","type":"page","link":"https:\/\/cleopatraimportexport.com\/fr\/societe\/","title":{"rendered":"SOCI\u00c9T\u00c9"},"content":{"rendered":"<div class=\"wpb-content-wrapper\"><p>[vc_row full_width=\u00a0\u00bbstretch_row_content_no_spaces\u00a0\u00bb css_animation=\u00a0\u00bbfadeInUp\u00a0\u00bb][vc_column][vc_single_image image=\u00a0\u00bb127&Prime; img_size=\u00a0\u00bbfull\u00a0\u00bb alignment=\u00a0\u00bbcenter\u00a0\u00bb][\/vc_column][\/vc_row][vc_row][vc_column][vc_single_image image=\u00a0\u00bb232&Prime; img_size=\u00a0\u00bbfull\u00a0\u00bb alignment=\u00a0\u00bbcenter\u00a0\u00bb][vc_column_text]<strong>Cl\u00e9op\u00e2tre est une soci\u00e9t\u00e9 \u00e0 responsabilit\u00e9 limit\u00e9e cr\u00e9\u00e9e en janvier 2011<\/strong> par la volont\u00e9 de son propri\u00e9taire, dipl\u00f4m\u00e9 en sciences agricoles, ainsi que de nombreuses ann\u00e9es d&rsquo;exp\u00e9rience dans la commercialisation et l&rsquo;exportation de produits semi-finis agricoles.<\/p>\n<p>Il garantit des normes de qualit\u00e9 tr\u00e8s \u00e9lev\u00e9es dans la s\u00e9lection des produits, avec un contr\u00f4le \u00e9lev\u00e9 de toutes les \u00e9tapes de transformation jusqu&rsquo;\u00e0 l&#8217;emballage.<\/p>\n<p><strong>Cl\u00e9op\u00e2tre s&rsquo;occupe de l&rsquo;exp\u00e9dition et des contr\u00f4les connexes en Egypte, de l&rsquo;envoi de certificats de haute qualit\u00e9 et de la p\u00e9riode de validit\u00e9, mais aussi de l&rsquo;assistance dans les proc\u00e9dures douani\u00e8res.<\/strong><\/p>\n<p>Avec un service de livraison vers tous les grands ports.[\/vc_column_text][\/vc_column][\/vc_row][vc_row][vc_column width=\u00a0\u00bb1\/2&Prime;][vc_empty_space el_class=\u00a0\u00bbdesktop\u00a0\u00bb][vc_empty_space el_class=\u00a0\u00bbdesktop\u00a0\u00bb][vc_column_text css=\u00a0\u00bb.vc_custom_1619029581316{padding-top: 30px !important;padding-right: 30px !important;padding-bottom: 30px !important;padding-left: 30px !important;background-color: #f4f4f4 !important;}\u00a0\u00bb]Cl\u00e9op\u00e2tre pour l&rsquo;import et l&rsquo;export est une soci\u00e9t\u00e9 sp\u00e9cialis\u00e9e dans l&rsquo;exportation et la commercialisation de produits alimentaires pour les industries de la conserve, qui ont \u00e9t\u00e9 pr\u00e9par\u00e9s et conditionn\u00e9s selon les besoins du consommateur.[\/vc_column_text][\/vc_column][vc_column width=\u00a0\u00bb1\/2&Prime;][vc_single_image image=\u00a0\u00bb242&Prime; img_size=\u00a0\u00bbfull\u00a0\u00bb alignment=\u00a0\u00bbcenter\u00a0\u00bb][\/vc_column][\/vc_row][vc_row][vc_column][vc_column_text]<\/p>\n<p style=\"text-align: center;\"><em><strong>Le mode de paiement pour l&rsquo;importation et l&rsquo;exportation est le virement bancaire:<\/strong><\/em><\/p>\n<p style=\"text-align: center;\"><em><strong>la valeur de la transaction est d\u00e9pos\u00e9e \u00e0 la banque et ne sera encaiss\u00e9e qu&rsquo;apr\u00e8s l&rsquo;envoi de la facture et du connaissement.<\/strong><\/em><\/p>\n<p>[\/vc_column_text][\/vc_column][\/vc_row]<\/p>\n<\/div>","protected":false},"excerpt":{"rendered":"<p>[vc_row full_width=\u00a0\u00bbstretch_row_content_no_spaces\u00a0\u00bb css_animation=\u00a0\u00bbfadeInUp\u00a0\u00bb][vc_column][vc_single_image image=\u00a0\u00bb127&Prime; img_size=\u00a0\u00bbfull\u00a0\u00bb alignment=\u00a0\u00bbcenter\u00a0\u00bb][\/vc_column][\/vc_row][vc_row][vc_column][vc_single_image image=\u00a0\u00bb232&Prime; img_size=\u00a0\u00bbfull\u00a0\u00bb alignment=\u00a0\u00bbcenter\u00a0\u00bb][vc_column_text]Cl\u00e9op\u00e2tre est une soci\u00e9t\u00e9 \u00e0 responsabilit\u00e9 limit\u00e9e cr\u00e9\u00e9e en janvier 2011 par la volont\u00e9 de son propri\u00e9taire, dipl\u00f4m\u00e9 en sciences agricoles, ainsi que de nombreuses ann\u00e9es d&rsquo;exp\u00e9rience dans la commercialisation et l&rsquo;exportation<\/p>\n","protected":false},"author":2,"featured_media":0,"parent":0,"menu_order":1,"comment_status":"closed","ping_status":"closed","template":"","meta":{"footnotes":""},"yoast_head":"<!-- This site is optimized with the Yoast SEO plugin v24.5 - https:\/\/yoast.com\/wordpress\/plugins\/seo\/ -->\n<title>SOCI\u00c9T\u00c9 - Cleopatra general import and export company - Egypt Italy and Europe<\/title>\n<meta name=\"robots\" content=\"index, follow, max-snippet:-1, max-image-preview:large, max-video-preview:-1\" \/>\n<link rel=\"canonical\" href=\"https:\/\/cleopatraimportexport.com\/fr\/societe\/\" \/>\n<meta property=\"og:locale\" content=\"fr_FR\" \/>\n<meta property=\"og:type\" content=\"article\" \/>\n<meta property=\"og:title\" content=\"SOCI\u00c9T\u00c9 - Cleopatra general import and export company - Egypt Italy and Europe\" \/>\n<meta property=\"og:description\" content=\"[vc_row full_width=\u00a0\u00bbstretch_row_content_no_spaces\u00a0\u00bb css_animation=\u00a0\u00bbfadeInUp\u00a0\u00bb][vc_column][vc_single_image image=\u00a0\u00bb127&Prime; img_size=\u00a0\u00bbfull\u00a0\u00bb alignment=\u00a0\u00bbcenter\u00a0\u00bb][\/vc_column][\/vc_row][vc_row][vc_column][vc_single_image image=\u00a0\u00bb232&Prime; img_size=\u00a0\u00bbfull\u00a0\u00bb alignment=\u00a0\u00bbcenter\u00a0\u00bb][vc_column_text]Cl\u00e9op\u00e2tre est une soci\u00e9t\u00e9 \u00e0 responsabilit\u00e9 limit\u00e9e cr\u00e9\u00e9e en janvier 2011 par la volont\u00e9 de son propri\u00e9taire, dipl\u00f4m\u00e9 en sciences agricoles, ainsi que de nombreuses ann\u00e9es d&rsquo;exp\u00e9rience dans la commercialisation et l&rsquo;exportation\" \/>\n<meta property=\"og:url\" content=\"https:\/\/cleopatraimportexport.com\/fr\/societe\/\" \/>\n<meta property=\"og:site_name\" content=\"Cleopatra general import and export company - Egypt Italy and Europe\" \/>\n<meta name=\"twitter:card\" content=\"summary_large_image\" \/>\n<meta name=\"twitter:label1\" content=\"Dur\u00e9e de lecture estim\u00e9e\" \/>\n\t<meta name=\"twitter:data1\" content=\"1 minute\" \/>\n<script type=\"application\/ld+json\" class=\"yoast-schema-graph\">{\"@context\":\"https:\/\/schema.org\",\"@graph\":[{\"@type\":\"WebPage\",\"@id\":\"https:\/\/cleopatraimportexport.com\/fr\/societe\/\",\"url\":\"https:\/\/cleopatraimportexport.com\/fr\/societe\/\",\"name\":\"SOCI\u00c9T\u00c9 - Cleopatra general import and export company - Egypt Italy and Europe\",\"isPartOf\":{\"@id\":\"https:\/\/cleopatraimportexport.com\/#website\"},\"datePublished\":\"2021-04-21T18:26:47+00:00\",\"breadcrumb\":{\"@id\":\"https:\/\/cleopatraimportexport.com\/fr\/societe\/#breadcrumb\"},\"inLanguage\":\"fr-FR\",\"potentialAction\":[{\"@type\":\"ReadAction\",\"target\":[\"https:\/\/cleopatraimportexport.com\/fr\/societe\/\"]}]},{\"@type\":\"BreadcrumbList\",\"@id\":\"https:\/\/cleopatraimportexport.com\/fr\/societe\/#breadcrumb\",\"itemListElement\":[{\"@type\":\"ListItem\",\"position\":1,\"name\":\"Home\",\"item\":\"https:\/\/cleopatraimportexport.com\/fr\/\"},{\"@type\":\"ListItem\",\"position\":2,\"name\":\"SOCI\u00c9T\u00c9\"}]},{\"@type\":\"WebSite\",\"@id\":\"https:\/\/cleopatraimportexport.com\/#website\",\"url\":\"https:\/\/cleopatraimportexport.com\/\",\"name\":\"Cleopatra general import and export company - Egypt Italy and Europe\",\"description\":\"Cleopatra general import and export company - Egypt Italy and Europe\",\"publisher\":{\"@id\":\"https:\/\/cleopatraimportexport.com\/#organization\"},\"potentialAction\":[{\"@type\":\"SearchAction\",\"target\":{\"@type\":\"EntryPoint\",\"urlTemplate\":\"https:\/\/cleopatraimportexport.com\/?s={search_term_string}\"},\"query-input\":{\"@type\":\"PropertyValueSpecification\",\"valueRequired\":true,\"valueName\":\"search_term_string\"}}],\"inLanguage\":\"fr-FR\"},{\"@type\":\"Organization\",\"@id\":\"https:\/\/cleopatraimportexport.com\/#organization\",\"name\":\"Cleopatra general import and export company - Egypt Italy and Europe\",\"url\":\"https:\/\/cleopatraimportexport.com\/\",\"logo\":{\"@type\":\"ImageObject\",\"inLanguage\":\"fr-FR\",\"@id\":\"https:\/\/cleopatraimportexport.com\/#\/schema\/logo\/image\/\",\"url\":\"https:\/\/cleopatraimportexport.com\/wp-content\/uploads\/2021\/02\/logo_cleopatra.png\",\"contentUrl\":\"https:\/\/cleopatraimportexport.com\/wp-content\/uploads\/2021\/02\/logo_cleopatra.png\",\"width\":180,\"height\":87,\"caption\":\"Cleopatra general import and export company - Egypt Italy and Europe\"},\"image\":{\"@id\":\"https:\/\/cleopatraimportexport.com\/#\/schema\/logo\/image\/\"}}]}<\/script>\n<!-- \/ Yoast SEO plugin. -->","yoast_head_json":{"title":"SOCI\u00c9T\u00c9 - Cleopatra general import and export company - Egypt Italy and Europe","robots":{"index":"index","follow":"follow","max-snippet":"max-snippet:-1","max-image-preview":"max-image-preview:large","max-video-preview":"max-video-preview:-1"},"canonical":"https:\/\/cleopatraimportexport.com\/fr\/societe\/","og_locale":"fr_FR","og_type":"article","og_title":"SOCI\u00c9T\u00c9 - Cleopatra general import and export company - Egypt Italy and Europe","og_description":"[vc_row full_width=\u00a0\u00bbstretch_row_content_no_spaces\u00a0\u00bb css_animation=\u00a0\u00bbfadeInUp\u00a0\u00bb][vc_column][vc_single_image image=\u00a0\u00bb127&Prime; img_size=\u00a0\u00bbfull\u00a0\u00bb alignment=\u00a0\u00bbcenter\u00a0\u00bb][\/vc_column][\/vc_row][vc_row][vc_column][vc_single_image image=\u00a0\u00bb232&Prime; img_size=\u00a0\u00bbfull\u00a0\u00bb alignment=\u00a0\u00bbcenter\u00a0\u00bb][vc_column_text]Cl\u00e9op\u00e2tre est une soci\u00e9t\u00e9 \u00e0 responsabilit\u00e9 limit\u00e9e cr\u00e9\u00e9e en janvier 2011 par la volont\u00e9 de son propri\u00e9taire, dipl\u00f4m\u00e9 en sciences agricoles, ainsi que de nombreuses ann\u00e9es d&rsquo;exp\u00e9rience dans la commercialisation et l&rsquo;exportation","og_url":"https:\/\/cleopatraimportexport.com\/fr\/societe\/","og_site_name":"Cleopatra general import and export company - Egypt Italy and Europe","twitter_card":"summary_large_image","twitter_misc":{"Dur\u00e9e de lecture estim\u00e9e":"1 minute"},"schema":{"@context":"https:\/\/schema.org","@graph":[{"@type":"WebPage","@id":"https:\/\/cleopatraimportexport.com\/fr\/societe\/","url":"https:\/\/cleopatraimportexport.com\/fr\/societe\/","name":"SOCI\u00c9T\u00c9 - Cleopatra general import and export company - Egypt Italy and Europe","isPartOf":{"@id":"https:\/\/cleopatraimportexport.com\/#website"},"datePublished":"2021-04-21T18:26:47+00:00","breadcrumb":{"@id":"https:\/\/cleopatraimportexport.com\/fr\/societe\/#breadcrumb"},"inLanguage":"fr-FR","potentialAction":[{"@type":"ReadAction","target":["https:\/\/cleopatraimportexport.com\/fr\/societe\/"]}]},{"@type":"BreadcrumbList","@id":"https:\/\/cleopatraimportexport.com\/fr\/societe\/#breadcrumb","itemListElement":[{"@type":"ListItem","position":1,"name":"Home","item":"https:\/\/cleopatraimportexport.com\/fr\/"},{"@type":"ListItem","position":2,"name":"SOCI\u00c9T\u00c9"}]},{"@type":"WebSite","@id":"https:\/\/cleopatraimportexport.com\/#website","url":"https:\/\/cleopatraimportexport.com\/","name":"Cleopatra general import and export company - Egypt Italy and Europe","description":"Cleopatra general import and export company - Egypt Italy and Europe","publisher":{"@id":"https:\/\/cleopatraimportexport.com\/#organization"},"potentialAction":[{"@type":"SearchAction","target":{"@type":"EntryPoint","urlTemplate":"https:\/\/cleopatraimportexport.com\/?s={search_term_string}"},"query-input":{"@type":"PropertyValueSpecification","valueRequired":true,"valueName":"search_term_string"}}],"inLanguage":"fr-FR"},{"@type":"Organization","@id":"https:\/\/cleopatraimportexport.com\/#organization","name":"Cleopatra general import and export company - Egypt Italy and Europe","url":"https:\/\/cleopatraimportexport.com\/","logo":{"@type":"ImageObject","inLanguage":"fr-FR","@id":"https:\/\/cleopatraimportexport.com\/#\/schema\/logo\/image\/","url":"https:\/\/cleopatraimportexport.com\/wp-content\/uploads\/2021\/02\/logo_cleopatra.png","contentUrl":"https:\/\/cleopatraimportexport.com\/wp-content\/uploads\/2021\/02\/logo_cleopatra.png","width":180,"height":87,"caption":"Cleopatra general import and export company - Egypt Italy and Europe"},"image":{"@id":"https:\/\/cleopatraimportexport.com\/#\/schema\/logo\/image\/"}}]}},"_links":{"self":[{"href":"https:\/\/cleopatraimportexport.com\/fr\/wp-json\/wp\/v2\/pages\/693\/"}],"collection":[{"href":"https:\/\/cleopatraimportexport.com\/fr\/wp-json\/wp\/v2\/pages\/"}],"about":[{"href":"https:\/\/cleopatraimportexport.com\/fr\/wp-json\/wp\/v2\/types\/page\/"}],"author":[{"embeddable":true,"href":"https:\/\/cleopatraimportexport.com\/fr\/wp-json\/wp\/v2\/users\/2\/"}],"replies":[{"embeddable":true,"href":"https:\/\/cleopatraimportexport.com\/fr\/wp-json\/wp\/v2\/comments\/?post=693"}],"version-history":[{"count":0,"href":"https:\/\/cleopatraimportexport.com\/fr\/wp-json\/wp\/v2\/pages\/693\/revisions\/"}],"wp:attachment":[{"href":"https:\/\/cleopatraimportexport.com\/fr\/wp-json\/wp\/v2\/media\/?parent=693"}],"curies":[{"name":"wp","href":"https:\/\/api.w.org\/{rel}","templated":true}]}}