{"id":929,"date":"2021-04-23T13:49:25","date_gmt":"2021-04-23T13:49:25","guid":{"rendered":"https:\/\/cleopatraimportexport.com\/?page_id=929"},"modified":"2021-04-23T13:49:25","modified_gmt":"2021-04-23T13:49:25","slug":"cookies-und-datenschutzbestimmungen","status":"publish","type":"page","link":"https:\/\/cleopatraimportexport.com\/de\/cookies-und-datenschutzbestimmungen\/","title":{"rendered":"Cookies und Datenschutzbestimmungen"},"content":{"rendered":"<h3>Cookies und Datenschutzbestimmungen von www.cleopatraimportexport.com<\/h3>\n<p>Informationen zu Ihren gesammelten pers\u00f6nlichen Daten, den Zwecken und den Themen, mit denen die Daten geteilt werden, erhalten Sie vom Datenverantwortlichen.<\/p>\n<h3>Datencontroller<\/h3>\n<p><strong>Kleopatra<\/strong><br \/>\nallgemeine Import- und Exportfirma<\/p>\n<p>22 Tiba, Al Ibrahimeyah Bahri WA Sidi Gaber, Alexandria, \u00c4gypten<\/p>\n<p>Umsatzsteuer-Identifikationsnummer 213428059<\/p>\n<p><strong>Kontakt des Besitzers per E-Mail<\/strong>: info@cleopatraimportexport.com<\/p>\n<h2>Arten der gesammelten Daten<\/h2>\n<p>Der Datenverantwortliche stellt keine Liste der Arten der gesammelten personenbezogenen Daten zur Verf\u00fcgung.<\/p>\n<p>Vollst\u00e4ndige Details zu jeder Art von gesammelten Daten finden Sie in den entsprechenden Abschnitten dieser Datenschutzrichtlinie oder in spezifischen Informationstexten, die vor der Datenerfassung angezeigt werden.<br \/>\nPersonenbezogene Daten k\u00f6nnen vom Benutzer frei zur Verf\u00fcgung gestellt oder im Fall von Nutzungsdaten automatisch w\u00e4hrend der Nutzung dieser Anwendung erhoben werden.<br \/>\nSofern nicht anders angegeben, sind alle f\u00fcr diesen Antrag erforderlichen Daten obligatorisch. Wenn der Benutzer die Kommunikation verweigert, kann diese Anwendung den Dienst m\u00f6glicherweise nicht bereitstellen. In F\u00e4llen, in denen diese Anwendung einige Daten als optional angibt, k\u00f6nnen Benutzer diese Daten nicht weitergeben, ohne dass dies Auswirkungen auf die Verf\u00fcgbarkeit des Dienstes oder dessen Betrieb hat.<br \/>\nBenutzer, die Zweifel haben, welche Daten obligatorisch sind, werden gebeten, sich an den Eigent\u00fcmer zu wenden.<br \/>\nJede Verwendung von Cookies &#8211; oder anderen Tracking-Tools &#8211; durch diese Anwendung oder durch die Eigent\u00fcmer von Diensten Dritter, die von dieser Anwendung verwendet werden, hat, sofern nicht anders angegeben, den Zweck, den vom Benutzer angeforderten Dienst zus\u00e4tzlich zu den unter beschriebenen Zwecken bereitzustellen dieses Dokument und in der Cookie-Richtlinie, falls verf\u00fcgbar.<\/p>\n<p>Der Benutzer \u00fcbernimmt die Verantwortung f\u00fcr die personenbezogenen Daten Dritter, die \u00fcber diese Anwendung erhalten, ver\u00f6ffentlicht oder weitergegeben werden, und garantiert das Recht, diese zu kommunizieren oder zu verbreiten, wodurch der Eigent\u00fcmer von jeglicher Haftung gegen\u00fcber Dritten befreit wird.<\/p>\n<h2>Art und Ort der Verarbeitung der erhobenen Daten<\/h2>\n<h3>Verarbeitungsmethoden<\/h3>\n<p>Der Eigent\u00fcmer ergreift geeignete Sicherheitsma\u00dfnahmen, um den unbefugten Zugriff, die Offenlegung, \u00c4nderung oder Zerst\u00f6rung personenbezogener Daten zu verhindern.<br \/>\nDie Verarbeitung erfolgt mit IT- und \/ oder Telematik-Tools, mit organisatorischen Methoden und mit einer Logik, die eng mit den angegebenen Zwecken zusammenh\u00e4ngt. Neben dem f\u00fcr die Datenverarbeitung Verantwortlichen sind in einigen F\u00e4llen andere an der Organisation dieser Anwendung beteiligte Personen (administrative, kommerzielle, Marketing-, Rechts-, Systemadministratoren) oder externe Personen (z. B. technische Dienstleister von Drittanbietern, Postkuriere, Hosting-Anbieter, IT-Unternehmen, Kommunikationsagenturen) werden vom Datenverantwortlichen bei Bedarf auch zu Datenverarbeitern ernannt. Die aktualisierte Liste der Manager kann jederzeit vom Datencontroller angefordert werden.<\/p>\n<h3>Rechtsgrundlage der Verarbeitung<\/h3>\n<p>Der Datenverantwortliche verarbeitet personenbezogene Daten des Benutzers, wenn eine der folgenden Bedingungen vorliegt:<\/p>\n<p>Der Benutzer hat seine Zustimmung f\u00fcr einen oder mehrere bestimmte Zwecke gegeben. Hinweis: In einigen L\u00e4ndern kann der f\u00fcr die Verarbeitung Verantwortliche berechtigt sein, personenbezogene Daten ohne die Zustimmung des Benutzers oder eine andere der unten angegebenen Rechtsgrundlagen zu verarbeiten, sofern der Benutzer einer solchen Behandlung nicht widerspricht (&#8222;Opt-out&#8220;). Dies gilt jedoch nicht, wenn die Verarbeitung personenbezogener Daten der europ\u00e4ischen Gesetzgebung zum Schutz personenbezogener Daten unterliegt.<br \/>\nDie Verarbeitung ist zur Ausf\u00fchrung eines Vertrages mit dem Nutzer und \/ oder zur Ausf\u00fchrung vorvertraglicher Ma\u00dfnahmen erforderlich.<br \/>\nDie Verarbeitung ist erforderlich, um eine gesetzliche Verpflichtung zu erf\u00fcllen, der der f\u00fcr die Verarbeitung Verantwortliche unterliegt.<br \/>\nDie Verarbeitung ist f\u00fcr die Erf\u00fcllung einer Aufgabe von \u00f6ffentlichem Interesse oder f\u00fcr die Aus\u00fcbung der dem Eigent\u00fcmer \u00fcbertragenen Befugnisse erforderlich.<br \/>\nDie Verarbeitung ist erforderlich, um das berechtigte Interesse des f\u00fcr die Verarbeitung Verantwortlichen oder Dritter zu verfolgen.<\/p>\n<p>Es ist jedoch immer m\u00f6glich, den f\u00fcr die Verarbeitung Verantwortlichen zu bitten, die konkrete Rechtsgrundlage jeder Behandlung zu kl\u00e4ren und insbesondere anzugeben, ob die Behandlung auf dem Gesetz basiert, das in einem Vertrag vorgesehen ist oder zum Abschluss eines Vertrags erforderlich ist.<\/p>\n<h3>Platz<\/h3>\n<p>Die Daten werden in den Betriebsb\u00fcros des Datenverantwortlichen und an jedem anderen Ort verarbeitet, an dem sich die an der Verarbeitung beteiligten Parteien befinden. F\u00fcr weitere Informationen wenden Sie sich bitte an den Datencontroller.<br \/>\nDie pers\u00f6nlichen Daten des Benutzers k\u00f6nnen in ein anderes Land als das Land \u00fcbertragen werden, in dem sich der Benutzer befindet. Um weitere Informationen zum Verarbeitungsort zu erhalten, kann der Benutzer auf den Abschnitt \u00fcber die Einzelheiten der Verarbeitung personenbezogener Daten verweisen.<\/p>\n<p>Der Nutzer hat das Recht, Informationen \u00fcber die Rechtsgrundlage f\u00fcr die \u00dcbermittlung von Daten au\u00dferhalb der Europ\u00e4ischen Union oder an eine internationale Organisation, die dem V\u00f6lkerrecht unterliegt oder aus zwei oder mehr L\u00e4ndern wie der UNO besteht, sowie \u00fcber die Sicherheit zu erhalten Ma\u00dfnahmen des f\u00fcr die Datenverarbeitung Verantwortlichen zum Schutz der Daten.<\/p>\n<p>Der Benutzer kann \u00fcberpr\u00fcfen, ob eine der oben beschriebenen \u00dcbertragungen stattfindet, indem er den Abschnitt dieses Dokuments in Bezug auf die Einzelheiten der Verarbeitung personenbezogener Daten pr\u00fcft oder Informationen vom f\u00fcr die Datenverarbeitung Verantwortlichen anfordert, indem er ihn bei den Er\u00f6ffnungsdetails kontaktiert.<\/p>\n<h3>Aufbewahrungsfrist<\/h3>\n<p>Die Daten werden f\u00fcr die Zeit verarbeitet und gespeichert, die f\u00fcr die Zwecke erforderlich ist, f\u00fcr die sie gesammelt wurden.<\/p>\n<p>Deshalb:<\/p>\n<ul>\n<li>Personenbezogene Daten, die f\u00fcr Zwecke im Zusammenhang mit der Ausf\u00fchrung eines Vertrags zwischen dem Eigent\u00fcmer und dem Benutzer erhoben werden, werden bis zum Abschluss der Ausf\u00fchrung dieses Vertrags gespeichert.<\/li>\n<li>Personenbezogene Daten, die zu Zwecken im Zusammenhang mit dem berechtigten Interesse des f\u00fcr die Verarbeitung Verantwortlichen erhoben werden, werden so lange aufbewahrt, bis dieses Interesse erf\u00fcllt ist. Der Benutzer kann weitere Informationen \u00fcber das berechtigte Interesse des Eigent\u00fcmers in den entsprechenden Abschnitten dieses Dokuments oder durch Kontaktaufnahme mit dem Eigent\u00fcmer erhalten.<\/li>\n<\/ul>\n<p>Wenn die Verarbeitung auf der Zustimmung des Benutzers basiert, kann der Datenverantwortliche die personenbezogenen Daten l\u00e4nger aufbewahren, bis diese Zustimmung widerrufen wird. Dar\u00fcber hinaus kann der f\u00fcr die Verarbeitung Verantwortliche verpflichtet sein, personenbezogene Daten im Einklang mit einer gesetzlichen Verpflichtung oder auf Anordnung einer Beh\u00f6rde f\u00fcr einen l\u00e4ngeren Zeitraum aufzubewahren.<\/p>\n<p>Am Ende der Aufbewahrungsfrist werden die personenbezogenen Daten gel\u00f6scht. Am Ende dieser Frist k\u00f6nnen daher das Recht auf Zugang, L\u00f6schung, Berichtigung und das Recht auf Daten\u00fcbertragbarkeit nicht mehr ausge\u00fcbt werden.<\/p>\n<h3>Nutzerrechte<\/h3>\n<p>Benutzer k\u00f6nnen bestimmte Rechte in Bezug auf die vom Datenverantwortlichen verarbeiteten Daten aus\u00fcben.<\/p>\n<p>Insbesondere hat der Nutzer das Recht:<\/p>\n<ul>\n<li><strong>einwilligung jederzeit widerrufen.<\/strong> Der Nutzer kann die Einwilligung zur Verarbeitung seiner zuvor ge\u00e4u\u00dferten personenbezogenen Daten widerrufen.<\/li>\n<li><strong>die Verarbeitung ihrer Daten ablehnen.<\/strong> Der Nutzer kann der Verarbeitung seiner Daten widersprechen, wenn diese auf einer anderen Rechtsgrundlage als der Einwilligung erfolgen. Weitere Einzelheiten zum Widerspruchsrecht sind im nachstehenden Abschnitt aufgef\u00fchrt.<\/li>\n<li><strong>Zugriff auf ihre Daten.<\/strong> Der Benutzer hat das Recht, Informationen \u00fcber die vom Datenverantwortlichen verarbeiteten Daten, \u00fcber bestimmte Aspekte der Verarbeitung zu erhalten und eine Kopie der verarbeiteten Daten zu erhalten.<\/li>\n<li><strong>\u00dcberpr\u00fcfung und Anforderung der Berichtigung.<\/strong> Der Benutzer kann die Richtigkeit seiner Daten \u00fcberpr\u00fcfen und deren Aktualisierung oder Korrektur anfordern.<\/li>\n<li><strong>die Einschr\u00e4nkung der Behandlung erhalten.<\/strong> Wenn bestimmte Bedingungen erf\u00fcllt sind, kann der Benutzer die Einschr\u00e4nkung der Verarbeitung seiner Daten beantragen. In diesem Fall verarbeitet der Datenverantwortliche die Daten nur f\u00fcr deren Aufbewahrung.<\/li>\n<li><strong>die L\u00f6schung oder Entfernung ihrer pers\u00f6nlichen Daten erhalten.<\/strong> Wenn bestimmte Bedingungen erf\u00fcllt sind, kann der Benutzer die L\u00f6schung seiner Daten durch den Eigent\u00fcmer beantragen.<\/li>\n<li><strong>ihre Daten erhalten oder an einen anderen Eigent\u00fcmer \u00fcbertragen lassen.<\/strong> Der Benutzer hat das Recht, seine Daten in einem strukturierten Format zu erhalten, das \u00fcblicherweise von einem automatischen Ger\u00e4t verwendet und gelesen wird, und, soweit dies technisch machbar ist, die \u00dcbertragung ohne Hindernisse f\u00fcr einen anderen Eigent\u00fcmer zu erhalten. Diese Bestimmung gilt, wenn die Daten mit automatisierten Tools verarbeitet werden und die Verarbeitung auf der Zustimmung des Benutzers, auf einem Vertrag, an dem der Benutzer beteiligt ist, oder auf damit verbundenen vertraglichen Ma\u00dfnahmen beruht.<\/li>\n<li><strong>eine Beschwerde vorschlagen.<\/strong> Der Nutzer kann eine Beschwerde bei der zust\u00e4ndigen Aufsichtsbeh\u00f6rde f\u00fcr den Schutz personenbezogener Daten einreichen oder rechtliche Schritte einleiten.<\/li>\n<\/ul>\n<h3>Details zum Widerspruchsrecht<\/h3>\n<p>Wenn personenbezogene Daten im \u00f6ffentlichen Interesse, in Aus\u00fcbung einer dem Eigent\u00fcmer \u00fcbertragenen Befugnis oder zur Verfolgung eines berechtigten Interesses des Eigent\u00fcmers verarbeitet werden, haben Benutzer das Recht, der Verarbeitung aus Gr\u00fcnden zu widersprechen, die mit ihrer jeweiligen Situation zusammenh\u00e4ngen.<\/p>\n<p>Benutzer werden darauf hingewiesen, dass sie, wenn ihre Daten f\u00fcr Direktmarketingzwecke verarbeitet werden, der Verarbeitung ohne Angabe von Gr\u00fcnden widersprechen k\u00f6nnen. Um herauszufinden, ob der Datenverantwortliche Daten f\u00fcr Direktmarketingzwecke verarbeitet, k\u00f6nnen Benutzer auf die entsprechenden Abschnitte dieses Dokuments verweisen.<\/p>\n<h3>So \u00fcben Sie Ihre Rechte aus<\/h3>\n<p>Um die Rechte des Benutzers auszu\u00fcben, k\u00f6nnen Benutzer eine Anfrage an die in diesem Dokument angegebenen Kontaktdaten des Eigent\u00fcmers richten. Anfragen werden kostenlos eingereicht und vom Datenverantwortlichen so schnell wie m\u00f6glich, in jedem Fall innerhalb eines Monats, bearbeitet.<\/p>\n<h2>Weitere Informationen zur Behandlung<\/h2>\n<h3>Verteidigung vor Gericht<\/h3>\n<p>Die personenbezogenen Daten des Benutzers k\u00f6nnen vom Eigent\u00fcmer vor Gericht oder in den Vorbereitungsphasen f\u00fcr seine eventuelle Einrichtung zur Abwehr von Missbrauch bei der Nutzung dieser Anwendung oder der damit verbundenen Dienste durch den Benutzer verwendet werden.<br \/>\nDer Benutzer erkl\u00e4rt, sich bewusst zu sein, dass der Eigent\u00fcmer m\u00f6glicherweise verpflichtet ist, die Daten auf Anordnung der Beh\u00f6rden offenzulegen.<\/p>\n<h3>Genaue Informationen<\/h3>\n<p>Auf Anfrage des Benutzers kann diese Anwendung dem Benutzer zus\u00e4tzlich zu den in dieser Datenschutzrichtlinie enthaltenen Informationen zus\u00e4tzliche und kontextbezogene Informationen zu bestimmten Diensten oder zur Erhebung und Verarbeitung personenbezogener Daten bereitstellen.<\/p>\n<h3>Systemprotokoll und Wartung<\/h3>\n<p>F\u00fcr Anforderungen in Bezug auf Betrieb und Wartung k\u00f6nnen diese Anwendung und alle von ihr verwendeten Dienste von Drittanbietern Systemprotokolle sammeln. Hierbei handelt es sich um Dateien, die die Interaktionen aufzeichnen und die m\u00f6glicherweise auch personenbezogene Daten enthalten, z. B. die Benutzer-IP-Adresse.<\/p>\n<h3>Informationen, die nicht in dieser Richtlinie enthalten sind<\/h3>\n<p>Weitere Informationen zur Verarbeitung personenbezogener Daten k\u00f6nnen jederzeit vom f\u00fcr die Datenverarbeitung Verantwortlichen unter Verwendung der Kontaktdaten angefordert werden.<\/p>\n<h3>Antwort auf &#8222;Nicht verfolgen&#8220; -Anfragen<\/h3>\n<p>Diese Anwendung unterst\u00fctzt keine &#8222;Do Not Track&#8220; -Anfragen.<br \/>\nUm herauszufinden, ob Dienste von Drittanbietern diese unterst\u00fctzen, wird der Benutzer aufgefordert, die jeweiligen Datenschutzrichtlinien zu konsultieren.<\/p>\n<h3>\u00c4nderungen dieser Datenschutzrichtlinie<\/h3>\n<p>Der f\u00fcr die Datenverarbeitung Verantwortliche beh\u00e4lt sich das Recht vor, \u00c4nderungen an dieser Datenschutzrichtlinie jederzeit vorzunehmen, indem er Benutzer auf dieser Seite und, wenn m\u00f6glich, in dieser Anwendung benachrichtigt sowie, sofern dies technisch und rechtlich machbar ist, eine Benachrichtigung an Benutzer \u00fcber eine der folgenden Richtlinien sendet extreme Kontakte hat er. Bitte konsultieren Sie diese Seite daher regelm\u00e4\u00dfig und beziehen Sie sich auf das unten angegebene Datum der letzten \u00c4nderung.<\/p>\n<p>Wenn die \u00c4nderungen Behandlungen betreffen, deren Rechtsgrundlage die Zustimmung ist, holt der Datenverantwortliche die Zustimmung des Benutzers gegebenenfalls erneut ein.<\/p>\n","protected":false},"excerpt":{"rendered":"<p>Cookies und Datenschutzbestimmungen von www.cleopatraimportexport.com Informationen zu Ihren gesammelten pers\u00f6nlichen Daten, den Zwecken und den Themen, mit denen die Daten geteilt werden, erhalten Sie vom Datenverantwortlichen. Datencontroller Kleopatra allgemeine Import- und Exportfirma 22 Tiba, Al Ibrahimeyah Bahri WA Sidi Gaber,<\/p>\n","protected":false},"author":2,"featured_media":0,"parent":0,"menu_order":5,"comment_status":"closed","ping_status":"closed","template":"","meta":{"footnotes":""},"yoast_head":"<!-- This site is optimized with the Yoast SEO plugin v24.5 - https:\/\/yoast.com\/wordpress\/plugins\/seo\/ -->\n<title>Cookies und Datenschutzbestimmungen - Cleopatra general import and export company - Egypt Italy and Europe<\/title>\n<meta name=\"robots\" content=\"index, follow, max-snippet:-1, max-image-preview:large, max-video-preview:-1\" \/>\n<link rel=\"canonical\" href=\"https:\/\/cleopatraimportexport.com\/de\/cookies-und-datenschutzbestimmungen\/\" \/>\n<meta property=\"og:locale\" content=\"de_DE\" \/>\n<meta property=\"og:type\" content=\"article\" \/>\n<meta property=\"og:title\" content=\"Cookies und Datenschutzbestimmungen - Cleopatra general import and export company - Egypt Italy and Europe\" \/>\n<meta property=\"og:description\" content=\"Cookies und Datenschutzbestimmungen von www.cleopatraimportexport.com Informationen zu Ihren gesammelten pers\u00f6nlichen Daten, den Zwecken und den Themen, mit denen die Daten geteilt werden, erhalten Sie vom Datenverantwortlichen. Datencontroller Kleopatra allgemeine Import- und Exportfirma 22 Tiba, Al Ibrahimeyah Bahri WA Sidi Gaber,\" \/>\n<meta property=\"og:url\" content=\"https:\/\/cleopatraimportexport.com\/de\/cookies-und-datenschutzbestimmungen\/\" \/>\n<meta property=\"og:site_name\" content=\"Cleopatra general import and export company - Egypt Italy and Europe\" \/>\n<meta name=\"twitter:card\" content=\"summary_large_image\" \/>\n<meta name=\"twitter:label1\" content=\"Gesch\u00e4tzte Lesezeit\" \/>\n\t<meta name=\"twitter:data1\" content=\"8\u00a0Minuten\" \/>\n<script type=\"application\/ld+json\" class=\"yoast-schema-graph\">{\"@context\":\"https:\/\/schema.org\",\"@graph\":[{\"@type\":\"WebPage\",\"@id\":\"https:\/\/cleopatraimportexport.com\/de\/cookies-und-datenschutzbestimmungen\/\",\"url\":\"https:\/\/cleopatraimportexport.com\/de\/cookies-und-datenschutzbestimmungen\/\",\"name\":\"Cookies und Datenschutzbestimmungen - Cleopatra general import and export company - Egypt Italy and Europe\",\"isPartOf\":{\"@id\":\"https:\/\/cleopatraimportexport.com\/#website\"},\"datePublished\":\"2021-04-23T13:49:25+00:00\",\"breadcrumb\":{\"@id\":\"https:\/\/cleopatraimportexport.com\/de\/cookies-und-datenschutzbestimmungen\/#breadcrumb\"},\"inLanguage\":\"de\",\"potentialAction\":[{\"@type\":\"ReadAction\",\"target\":[\"https:\/\/cleopatraimportexport.com\/de\/cookies-und-datenschutzbestimmungen\/\"]}]},{\"@type\":\"BreadcrumbList\",\"@id\":\"https:\/\/cleopatraimportexport.com\/de\/cookies-und-datenschutzbestimmungen\/#breadcrumb\",\"itemListElement\":[{\"@type\":\"ListItem\",\"position\":1,\"name\":\"Home\",\"item\":\"https:\/\/cleopatraimportexport.com\/de\/\"},{\"@type\":\"ListItem\",\"position\":2,\"name\":\"Cookies und Datenschutzbestimmungen\"}]},{\"@type\":\"WebSite\",\"@id\":\"https:\/\/cleopatraimportexport.com\/#website\",\"url\":\"https:\/\/cleopatraimportexport.com\/\",\"name\":\"Cleopatra general import and export company - Egypt Italy and Europe\",\"description\":\"Cleopatra general import and export company - Egypt Italy and Europe\",\"publisher\":{\"@id\":\"https:\/\/cleopatraimportexport.com\/#organization\"},\"potentialAction\":[{\"@type\":\"SearchAction\",\"target\":{\"@type\":\"EntryPoint\",\"urlTemplate\":\"https:\/\/cleopatraimportexport.com\/?s={search_term_string}\"},\"query-input\":{\"@type\":\"PropertyValueSpecification\",\"valueRequired\":true,\"valueName\":\"search_term_string\"}}],\"inLanguage\":\"de\"},{\"@type\":\"Organization\",\"@id\":\"https:\/\/cleopatraimportexport.com\/#organization\",\"name\":\"Cleopatra general import and export company - Egypt Italy and Europe\",\"url\":\"https:\/\/cleopatraimportexport.com\/\",\"logo\":{\"@type\":\"ImageObject\",\"inLanguage\":\"de\",\"@id\":\"https:\/\/cleopatraimportexport.com\/#\/schema\/logo\/image\/\",\"url\":\"https:\/\/cleopatraimportexport.com\/wp-content\/uploads\/2021\/02\/logo_cleopatra.png\",\"contentUrl\":\"https:\/\/cleopatraimportexport.com\/wp-content\/uploads\/2021\/02\/logo_cleopatra.png\",\"width\":180,\"height\":87,\"caption\":\"Cleopatra general import and export company - Egypt Italy and Europe\"},\"image\":{\"@id\":\"https:\/\/cleopatraimportexport.com\/#\/schema\/logo\/image\/\"}}]}<\/script>\n<!-- \/ Yoast SEO plugin. -->","yoast_head_json":{"title":"Cookies und Datenschutzbestimmungen - Cleopatra general import and export company - Egypt Italy and Europe","robots":{"index":"index","follow":"follow","max-snippet":"max-snippet:-1","max-image-preview":"max-image-preview:large","max-video-preview":"max-video-preview:-1"},"canonical":"https:\/\/cleopatraimportexport.com\/de\/cookies-und-datenschutzbestimmungen\/","og_locale":"de_DE","og_type":"article","og_title":"Cookies und Datenschutzbestimmungen - Cleopatra general import and export company - Egypt Italy and Europe","og_description":"Cookies und Datenschutzbestimmungen von www.cleopatraimportexport.com Informationen zu Ihren gesammelten pers\u00f6nlichen Daten, den Zwecken und den Themen, mit denen die Daten geteilt werden, erhalten Sie vom Datenverantwortlichen. Datencontroller Kleopatra allgemeine Import- und Exportfirma 22 Tiba, Al Ibrahimeyah Bahri WA Sidi Gaber,","og_url":"https:\/\/cleopatraimportexport.com\/de\/cookies-und-datenschutzbestimmungen\/","og_site_name":"Cleopatra general import and export company - Egypt Italy and Europe","twitter_card":"summary_large_image","twitter_misc":{"Gesch\u00e4tzte Lesezeit":"8\u00a0Minuten"},"schema":{"@context":"https:\/\/schema.org","@graph":[{"@type":"WebPage","@id":"https:\/\/cleopatraimportexport.com\/de\/cookies-und-datenschutzbestimmungen\/","url":"https:\/\/cleopatraimportexport.com\/de\/cookies-und-datenschutzbestimmungen\/","name":"Cookies und Datenschutzbestimmungen - Cleopatra general import and export company - Egypt Italy and Europe","isPartOf":{"@id":"https:\/\/cleopatraimportexport.com\/#website"},"datePublished":"2021-04-23T13:49:25+00:00","breadcrumb":{"@id":"https:\/\/cleopatraimportexport.com\/de\/cookies-und-datenschutzbestimmungen\/#breadcrumb"},"inLanguage":"de","potentialAction":[{"@type":"ReadAction","target":["https:\/\/cleopatraimportexport.com\/de\/cookies-und-datenschutzbestimmungen\/"]}]},{"@type":"BreadcrumbList","@id":"https:\/\/cleopatraimportexport.com\/de\/cookies-und-datenschutzbestimmungen\/#breadcrumb","itemListElement":[{"@type":"ListItem","position":1,"name":"Home","item":"https:\/\/cleopatraimportexport.com\/de\/"},{"@type":"ListItem","position":2,"name":"Cookies und Datenschutzbestimmungen"}]},{"@type":"WebSite","@id":"https:\/\/cleopatraimportexport.com\/#website","url":"https:\/\/cleopatraimportexport.com\/","name":"Cleopatra general import and export company - Egypt Italy and Europe","description":"Cleopatra general import and export company - Egypt Italy and Europe","publisher":{"@id":"https:\/\/cleopatraimportexport.com\/#organization"},"potentialAction":[{"@type":"SearchAction","target":{"@type":"EntryPoint","urlTemplate":"https:\/\/cleopatraimportexport.com\/?s={search_term_string}"},"query-input":{"@type":"PropertyValueSpecification","valueRequired":true,"valueName":"search_term_string"}}],"inLanguage":"de"},{"@type":"Organization","@id":"https:\/\/cleopatraimportexport.com\/#organization","name":"Cleopatra general import and export company - Egypt Italy and Europe","url":"https:\/\/cleopatraimportexport.com\/","logo":{"@type":"ImageObject","inLanguage":"de","@id":"https:\/\/cleopatraimportexport.com\/#\/schema\/logo\/image\/","url":"https:\/\/cleopatraimportexport.com\/wp-content\/uploads\/2021\/02\/logo_cleopatra.png","contentUrl":"https:\/\/cleopatraimportexport.com\/wp-content\/uploads\/2021\/02\/logo_cleopatra.png","width":180,"height":87,"caption":"Cleopatra general import and export company - Egypt Italy and Europe"},"image":{"@id":"https:\/\/cleopatraimportexport.com\/#\/schema\/logo\/image\/"}}]}},"_links":{"self":[{"href":"https:\/\/cleopatraimportexport.com\/de\/wp-json\/wp\/v2\/pages\/929\/"}],"collection":[{"href":"https:\/\/cleopatraimportexport.com\/de\/wp-json\/wp\/v2\/pages\/"}],"about":[{"href":"https:\/\/cleopatraimportexport.com\/de\/wp-json\/wp\/v2\/types\/page\/"}],"author":[{"embeddable":true,"href":"https:\/\/cleopatraimportexport.com\/de\/wp-json\/wp\/v2\/users\/2\/"}],"replies":[{"embeddable":true,"href":"https:\/\/cleopatraimportexport.com\/de\/wp-json\/wp\/v2\/comments\/?post=929"}],"version-history":[{"count":0,"href":"https:\/\/cleopatraimportexport.com\/de\/wp-json\/wp\/v2\/pages\/929\/revisions\/"}],"wp:attachment":[{"href":"https:\/\/cleopatraimportexport.com\/de\/wp-json\/wp\/v2\/media\/?parent=929"}],"curies":[{"name":"wp","href":"https:\/\/api.w.org\/{rel}","templated":true}]}}