{"id":889,"date":"2021-04-23T13:36:03","date_gmt":"2021-04-23T13:36:03","guid":{"rendered":"https:\/\/cleopatraimportexport.com\/?page_id=889"},"modified":"2021-04-23T13:36:03","modified_gmt":"2021-04-23T13:36:03","slug":"artischocken","status":"publish","type":"page","link":"https:\/\/cleopatraimportexport.com\/de\/export\/artischocken\/","title":{"rendered":"artischocken"},"content":{"rendered":"<div class=\"wpb-content-wrapper\"><p>[vc_row full_width=&#8220;stretch_row_content_no_spaces&#8220;][vc_column][vc_single_image image=&#8220;323&#8243; img_size=&#8220;full&#8220; alignment=&#8220;center&#8220;][vc_column_text]<\/p>\n<h2 style=\"text-align: center;\">ARTISCHOCKEN<\/h2>\n<h3 style=\"text-align: center;\">Erh\u00e4ltlich in F\u00e4ssern von 150 kg<\/h3>\n<p>[\/vc_column_text][\/vc_column][\/vc_row][vc_row][vc_column width=&#8220;1\/4&#8243;][vc_single_image image=&#8220;312&#8243; img_size=&#8220;full&#8220; alignment=&#8220;center&#8220; css=&#8220;.vc_custom_1617439302174{margin-bottom: 0px !important;}&#8220;][vc_column_text]<\/p>\n<h2 style=\"text-align: center;\">Artischockenherzen<\/h2>\n<p>[\/vc_column_text][\/vc_column][vc_column width=&#8220;1\/4&#8243;][vc_single_image image=&#8220;318&#8243; img_size=&#8220;full&#8220; alignment=&#8220;center&#8220; css=&#8220;.vc_custom_1617439395958{margin-bottom: 0px !important;}&#8220;][vc_column_text]<\/p>\n<h2 style=\"text-align: center;\">Artischockenh\u00e4lften<\/h2>\n<p>[\/vc_column_text][\/vc_column][vc_column width=&#8220;1\/4&#8243;][vc_single_image image=&#8220;315&#8243; img_size=&#8220;full&#8220; alignment=&#8220;center&#8220; css=&#8220;.vc_custom_1617439403716{margin-bottom: 0px !important;}&#8220;][vc_column_text]<\/p>\n<h2 style=\"text-align: center;\">Artischocken-Nelken<\/h2>\n<p>[\/vc_column_text][\/vc_column][vc_column width=&#8220;1\/4&#8243;][vc_single_image image=&#8220;505&#8243; img_size=&#8220;full&#8220; alignment=&#8220;center&#8220; css=&#8220;.vc_custom_1617537791680{margin-bottom: 0px !important;}&#8220;][vc_column_text]<\/p>\n<h2 style=\"text-align: center;\">Artischocken mit Stiel<\/h2>\n<p>[\/vc_column_text][\/vc_column][\/vc_row][vc_row][vc_column][vc_separator][vc_empty_space][vc_column_text]Wir verkaufen Artischocken, die f\u00fcr die Verarbeitung vorbereitet sind, gem\u00e4\u00df den spezifischen Anforderungen f\u00fcr den europ\u00e4ischen Markt.<\/p>\n<p>Wir haben alle Ger\u00e4te, um die Artischocken gem\u00e4\u00df den mit dem Kunden vereinbarten Spezifikationen zu schneiden und zu kochen.<\/p>\n<p>Verf\u00fcgbarkeit von h\u00f6chster Qualit\u00e4t zu einem erschwinglichen Preis und einem Rabatt von bis zu 20% je nach Menge mit Lieferservice in allen europ\u00e4ischen H\u00e4fen.<\/p>\n<p>Es ist m\u00f6glich, unsere Produktfotos von Schnittformen und Verpackungen anzufordern.[\/vc_column_text][\/vc_column][\/vc_row]<\/p>\n<\/div>","protected":false},"excerpt":{"rendered":"<p>[vc_row full_width=&#8220;stretch_row_content_no_spaces&#8220;][vc_column][vc_single_image image=&#8220;323&#8243; img_size=&#8220;full&#8220; alignment=&#8220;center&#8220;][vc_column_text] ARTISCHOCKEN Erh\u00e4ltlich in F\u00e4ssern von 150 kg [\/vc_column_text][\/vc_column][\/vc_row][vc_row][vc_column width=&#8220;1\/4&#8243;][vc_single_image image=&#8220;312&#8243; img_size=&#8220;full&#8220; alignment=&#8220;center&#8220; css=&#8220;.vc_custom_1617439302174{margin-bottom: 0px !important;}&#8220;][vc_column_text] Artischockenherzen [\/vc_column_text][\/vc_column][vc_column width=&#8220;1\/4&#8243;][vc_single_image image=&#8220;318&#8243; img_size=&#8220;full&#8220; alignment=&#8220;center&#8220; css=&#8220;.vc_custom_1617439395958{margin-bottom: 0px !important;}&#8220;][vc_column_text] Artischockenh\u00e4lften [\/vc_column_text][\/vc_column][vc_column width=&#8220;1\/4&#8243;][vc_single_image image=&#8220;315&#8243; img_size=&#8220;full&#8220; alignment=&#8220;center&#8220; css=&#8220;.vc_custom_1617439403716{margin-bottom: 0px !important;}&#8220;][vc_column_text] Artischocken-Nelken [\/vc_column_text][\/vc_column][vc_column<\/p>\n","protected":false},"author":2,"featured_media":0,"parent":834,"menu_order":0,"comment_status":"closed","ping_status":"closed","template":"","meta":{"footnotes":""},"yoast_head":"<!-- This site is optimized with the Yoast SEO plugin v24.5 - https:\/\/yoast.com\/wordpress\/plugins\/seo\/ -->\n<title>artischocken - Cleopatra general import and export company - Egypt Italy and Europe<\/title>\n<meta name=\"robots\" content=\"index, follow, max-snippet:-1, max-image-preview:large, max-video-preview:-1\" \/>\n<link rel=\"canonical\" href=\"https:\/\/cleopatraimportexport.com\/de\/export\/artischocken\/\" \/>\n<meta property=\"og:locale\" content=\"de_DE\" \/>\n<meta property=\"og:type\" content=\"article\" \/>\n<meta property=\"og:title\" content=\"artischocken - Cleopatra general import and export company - Egypt Italy and Europe\" \/>\n<meta property=\"og:description\" content=\"[vc_row full_width=&#8220;stretch_row_content_no_spaces&#8220;][vc_column][vc_single_image image=&#8220;323&#8243; img_size=&#8220;full&#8220; alignment=&#8220;center&#8220;][vc_column_text] ARTISCHOCKEN Erh\u00e4ltlich in F\u00e4ssern von 150 kg [\/vc_column_text][\/vc_column][\/vc_row][vc_row][vc_column width=&#8220;1\/4&#8243;][vc_single_image image=&#8220;312&#8243; img_size=&#8220;full&#8220; alignment=&#8220;center&#8220; css=&#8220;.vc_custom_1617439302174{margin-bottom: 0px !important;}&#8220;][vc_column_text] Artischockenherzen [\/vc_column_text][\/vc_column][vc_column width=&#8220;1\/4&#8243;][vc_single_image image=&#8220;318&#8243; img_size=&#8220;full&#8220; alignment=&#8220;center&#8220; css=&#8220;.vc_custom_1617439395958{margin-bottom: 0px !important;}&#8220;][vc_column_text] Artischockenh\u00e4lften [\/vc_column_text][\/vc_column][vc_column width=&#8220;1\/4&#8243;][vc_single_image image=&#8220;315&#8243; img_size=&#8220;full&#8220; alignment=&#8220;center&#8220; css=&#8220;.vc_custom_1617439403716{margin-bottom: 0px !important;}&#8220;][vc_column_text] Artischocken-Nelken [\/vc_column_text][\/vc_column][vc_column\" \/>\n<meta property=\"og:url\" content=\"https:\/\/cleopatraimportexport.com\/de\/export\/artischocken\/\" \/>\n<meta property=\"og:site_name\" content=\"Cleopatra general import and export company - Egypt Italy and Europe\" \/>\n<meta name=\"twitter:card\" content=\"summary_large_image\" \/>\n<meta name=\"twitter:label1\" content=\"Gesch\u00e4tzte Lesezeit\" \/>\n\t<meta name=\"twitter:data1\" content=\"1\u00a0Minute\" \/>\n<script type=\"application\/ld+json\" class=\"yoast-schema-graph\">{\"@context\":\"https:\/\/schema.org\",\"@graph\":[{\"@type\":\"WebPage\",\"@id\":\"https:\/\/cleopatraimportexport.com\/de\/export\/artischocken\/\",\"url\":\"https:\/\/cleopatraimportexport.com\/de\/export\/artischocken\/\",\"name\":\"artischocken - Cleopatra general import and export company - Egypt Italy and Europe\",\"isPartOf\":{\"@id\":\"https:\/\/cleopatraimportexport.com\/#website\"},\"datePublished\":\"2021-04-23T13:36:03+00:00\",\"breadcrumb\":{\"@id\":\"https:\/\/cleopatraimportexport.com\/de\/export\/artischocken\/#breadcrumb\"},\"inLanguage\":\"de\",\"potentialAction\":[{\"@type\":\"ReadAction\",\"target\":[\"https:\/\/cleopatraimportexport.com\/de\/export\/artischocken\/\"]}]},{\"@type\":\"BreadcrumbList\",\"@id\":\"https:\/\/cleopatraimportexport.com\/de\/export\/artischocken\/#breadcrumb\",\"itemListElement\":[{\"@type\":\"ListItem\",\"position\":1,\"name\":\"Home\",\"item\":\"https:\/\/cleopatraimportexport.com\/de\/\"},{\"@type\":\"ListItem\",\"position\":2,\"name\":\"EXPORT\",\"item\":\"https:\/\/cleopatraimportexport.com\/de\/export\/\"},{\"@type\":\"ListItem\",\"position\":3,\"name\":\"artischocken\"}]},{\"@type\":\"WebSite\",\"@id\":\"https:\/\/cleopatraimportexport.com\/#website\",\"url\":\"https:\/\/cleopatraimportexport.com\/\",\"name\":\"Cleopatra general import and export company - Egypt Italy and Europe\",\"description\":\"Cleopatra general import and export company - Egypt Italy and Europe\",\"publisher\":{\"@id\":\"https:\/\/cleopatraimportexport.com\/#organization\"},\"potentialAction\":[{\"@type\":\"SearchAction\",\"target\":{\"@type\":\"EntryPoint\",\"urlTemplate\":\"https:\/\/cleopatraimportexport.com\/?s={search_term_string}\"},\"query-input\":{\"@type\":\"PropertyValueSpecification\",\"valueRequired\":true,\"valueName\":\"search_term_string\"}}],\"inLanguage\":\"de\"},{\"@type\":\"Organization\",\"@id\":\"https:\/\/cleopatraimportexport.com\/#organization\",\"name\":\"Cleopatra general import and export company - Egypt Italy and Europe\",\"url\":\"https:\/\/cleopatraimportexport.com\/\",\"logo\":{\"@type\":\"ImageObject\",\"inLanguage\":\"de\",\"@id\":\"https:\/\/cleopatraimportexport.com\/#\/schema\/logo\/image\/\",\"url\":\"https:\/\/cleopatraimportexport.com\/wp-content\/uploads\/2021\/02\/logo_cleopatra.png\",\"contentUrl\":\"https:\/\/cleopatraimportexport.com\/wp-content\/uploads\/2021\/02\/logo_cleopatra.png\",\"width\":180,\"height\":87,\"caption\":\"Cleopatra general import and export company - Egypt Italy and Europe\"},\"image\":{\"@id\":\"https:\/\/cleopatraimportexport.com\/#\/schema\/logo\/image\/\"}}]}<\/script>\n<!-- \/ Yoast SEO plugin. -->","yoast_head_json":{"title":"artischocken - Cleopatra general import and export company - Egypt Italy and Europe","robots":{"index":"index","follow":"follow","max-snippet":"max-snippet:-1","max-image-preview":"max-image-preview:large","max-video-preview":"max-video-preview:-1"},"canonical":"https:\/\/cleopatraimportexport.com\/de\/export\/artischocken\/","og_locale":"de_DE","og_type":"article","og_title":"artischocken - Cleopatra general import and export company - Egypt Italy and Europe","og_description":"[vc_row full_width=&#8220;stretch_row_content_no_spaces&#8220;][vc_column][vc_single_image image=&#8220;323&#8243; img_size=&#8220;full&#8220; alignment=&#8220;center&#8220;][vc_column_text] ARTISCHOCKEN Erh\u00e4ltlich in F\u00e4ssern von 150 kg [\/vc_column_text][\/vc_column][\/vc_row][vc_row][vc_column width=&#8220;1\/4&#8243;][vc_single_image image=&#8220;312&#8243; img_size=&#8220;full&#8220; alignment=&#8220;center&#8220; css=&#8220;.vc_custom_1617439302174{margin-bottom: 0px !important;}&#8220;][vc_column_text] Artischockenherzen [\/vc_column_text][\/vc_column][vc_column width=&#8220;1\/4&#8243;][vc_single_image image=&#8220;318&#8243; img_size=&#8220;full&#8220; alignment=&#8220;center&#8220; css=&#8220;.vc_custom_1617439395958{margin-bottom: 0px !important;}&#8220;][vc_column_text] Artischockenh\u00e4lften [\/vc_column_text][\/vc_column][vc_column width=&#8220;1\/4&#8243;][vc_single_image image=&#8220;315&#8243; img_size=&#8220;full&#8220; alignment=&#8220;center&#8220; css=&#8220;.vc_custom_1617439403716{margin-bottom: 0px !important;}&#8220;][vc_column_text] Artischocken-Nelken [\/vc_column_text][\/vc_column][vc_column","og_url":"https:\/\/cleopatraimportexport.com\/de\/export\/artischocken\/","og_site_name":"Cleopatra general import and export company - Egypt Italy and Europe","twitter_card":"summary_large_image","twitter_misc":{"Gesch\u00e4tzte Lesezeit":"1\u00a0Minute"},"schema":{"@context":"https:\/\/schema.org","@graph":[{"@type":"WebPage","@id":"https:\/\/cleopatraimportexport.com\/de\/export\/artischocken\/","url":"https:\/\/cleopatraimportexport.com\/de\/export\/artischocken\/","name":"artischocken - Cleopatra general import and export company - Egypt Italy and Europe","isPartOf":{"@id":"https:\/\/cleopatraimportexport.com\/#website"},"datePublished":"2021-04-23T13:36:03+00:00","breadcrumb":{"@id":"https:\/\/cleopatraimportexport.com\/de\/export\/artischocken\/#breadcrumb"},"inLanguage":"de","potentialAction":[{"@type":"ReadAction","target":["https:\/\/cleopatraimportexport.com\/de\/export\/artischocken\/"]}]},{"@type":"BreadcrumbList","@id":"https:\/\/cleopatraimportexport.com\/de\/export\/artischocken\/#breadcrumb","itemListElement":[{"@type":"ListItem","position":1,"name":"Home","item":"https:\/\/cleopatraimportexport.com\/de\/"},{"@type":"ListItem","position":2,"name":"EXPORT","item":"https:\/\/cleopatraimportexport.com\/de\/export\/"},{"@type":"ListItem","position":3,"name":"artischocken"}]},{"@type":"WebSite","@id":"https:\/\/cleopatraimportexport.com\/#website","url":"https:\/\/cleopatraimportexport.com\/","name":"Cleopatra general import and export company - Egypt Italy and Europe","description":"Cleopatra general import and export company - Egypt Italy and Europe","publisher":{"@id":"https:\/\/cleopatraimportexport.com\/#organization"},"potentialAction":[{"@type":"SearchAction","target":{"@type":"EntryPoint","urlTemplate":"https:\/\/cleopatraimportexport.com\/?s={search_term_string}"},"query-input":{"@type":"PropertyValueSpecification","valueRequired":true,"valueName":"search_term_string"}}],"inLanguage":"de"},{"@type":"Organization","@id":"https:\/\/cleopatraimportexport.com\/#organization","name":"Cleopatra general import and export company - Egypt Italy and Europe","url":"https:\/\/cleopatraimportexport.com\/","logo":{"@type":"ImageObject","inLanguage":"de","@id":"https:\/\/cleopatraimportexport.com\/#\/schema\/logo\/image\/","url":"https:\/\/cleopatraimportexport.com\/wp-content\/uploads\/2021\/02\/logo_cleopatra.png","contentUrl":"https:\/\/cleopatraimportexport.com\/wp-content\/uploads\/2021\/02\/logo_cleopatra.png","width":180,"height":87,"caption":"Cleopatra general import and export company - Egypt Italy and Europe"},"image":{"@id":"https:\/\/cleopatraimportexport.com\/#\/schema\/logo\/image\/"}}]}},"_links":{"self":[{"href":"https:\/\/cleopatraimportexport.com\/de\/wp-json\/wp\/v2\/pages\/889\/"}],"collection":[{"href":"https:\/\/cleopatraimportexport.com\/de\/wp-json\/wp\/v2\/pages\/"}],"about":[{"href":"https:\/\/cleopatraimportexport.com\/de\/wp-json\/wp\/v2\/types\/page\/"}],"author":[{"embeddable":true,"href":"https:\/\/cleopatraimportexport.com\/de\/wp-json\/wp\/v2\/users\/2\/"}],"replies":[{"embeddable":true,"href":"https:\/\/cleopatraimportexport.com\/de\/wp-json\/wp\/v2\/comments\/?post=889"}],"version-history":[{"count":0,"href":"https:\/\/cleopatraimportexport.com\/de\/wp-json\/wp\/v2\/pages\/889\/revisions\/"}],"up":[{"embeddable":true,"href":"https:\/\/cleopatraimportexport.com\/de\/wp-json\/wp\/v2\/pages\/834\/"}],"wp:attachment":[{"href":"https:\/\/cleopatraimportexport.com\/de\/wp-json\/wp\/v2\/media\/?parent=889"}],"curies":[{"name":"wp","href":"https:\/\/api.w.org\/{rel}","templated":true}]}}