{"id":859,"date":"2021-04-22T18:42:11","date_gmt":"2021-04-22T18:42:11","guid":{"rendered":"https:\/\/cleopatraimportexport.com\/?page_id=859"},"modified":"2021-04-22T18:42:11","modified_gmt":"2021-04-22T18:42:11","slug":"unternehmen","status":"publish","type":"page","link":"https:\/\/cleopatraimportexport.com\/de\/unternehmen\/","title":{"rendered":"UNTERNEHMEN"},"content":{"rendered":"<div class=\"wpb-content-wrapper\"><p>[vc_row full_width=&#8220;stretch_row_content_no_spaces&#8220; css_animation=&#8220;fadeInUp&#8220;][vc_column][vc_single_image image=&#8220;127&#8243; img_size=&#8220;full&#8220; alignment=&#8220;center&#8220;][\/vc_column][\/vc_row][vc_row][vc_column][vc_single_image image=&#8220;232&#8243; img_size=&#8220;full&#8220; alignment=&#8220;center&#8220;][vc_column_text]<strong>Cleopatra ist eine Gesellschaft mit beschr\u00e4nkter Haftung, die im Januar 2011<\/strong> aufgrund des Willens ihres Eigent\u00fcmers, eines Absolventen der Agrarwissenschaften sowie langj\u00e4hriger Erfahrung in der Vermarktung und dem Export von landwirtschaftlichen Halbzeugen gegr\u00fcndet wurde.<\/p>\n<p>Es garantiert sehr hohe Qualit\u00e4tsstandards bei der Produktauswahl mit einer hohen \u00dcberwachung aller Verarbeitungsstufen bis zur Verpackung.<\/p>\n<p><strong>Cleopatra k\u00fcmmert sich um den Versand und die damit verbundenen Kontrollen in \u00c4gypten, um das Versenden hochwertiger Zertifikate und die G\u00fcltigkeitsdauer, aber auch um die Unterst\u00fctzung bei Zollverfahren.<\/strong><\/p>\n<p>Mit einem Lieferservice zu allen wichtigen H\u00e4fen.[\/vc_column_text][\/vc_column][\/vc_row][vc_row][vc_column width=&#8220;1\/2&#8243;][vc_empty_space el_class=&#8220;desktop&#8220;][vc_empty_space el_class=&#8220;desktop&#8220;][vc_column_text css=&#8220;.vc_custom_1619116908393{padding-top: 30px !important;padding-right: 30px !important;padding-bottom: 30px !important;padding-left: 30px !important;background-color: #f4f4f4 !important;}&#8220;]Cleopatra f\u00fcr den Import und Export ist ein Unternehmen, das auf den Export und die Vermarktung von Lebensmitteln f\u00fcr die Konservenindustrie spezialisiert ist, die nach den Bed\u00fcrfnissen des Verbrauchers hergestellt und verpackt wurden.[\/vc_column_text][\/vc_column][vc_column width=&#8220;1\/2&#8243;][vc_single_image image=&#8220;242&#8243; img_size=&#8220;full&#8220; alignment=&#8220;center&#8220;][\/vc_column][\/vc_row][vc_row][vc_column][vc_column_text]<\/p>\n<p style=\"text-align: center;\"><em><strong>Die Zahlungsmethode f\u00fcr Import und Export ist Bank\u00fcberweisung:<\/strong><\/em><\/p>\n<p style=\"text-align: center;\"><em><strong>Der Transaktionswert wird bei einer Bank hinterlegt und erst nach Absendung der Rechnung und des Frachtbriefs eingezogen.<\/strong><\/em><\/p>\n<p>[\/vc_column_text][\/vc_column][\/vc_row]<\/p>\n<\/div>","protected":false},"excerpt":{"rendered":"<p>[vc_row full_width=&#8220;stretch_row_content_no_spaces&#8220; css_animation=&#8220;fadeInUp&#8220;][vc_column][vc_single_image image=&#8220;127&#8243; img_size=&#8220;full&#8220; alignment=&#8220;center&#8220;][\/vc_column][\/vc_row][vc_row][vc_column][vc_single_image image=&#8220;232&#8243; img_size=&#8220;full&#8220; alignment=&#8220;center&#8220;][vc_column_text]Cleopatra ist eine Gesellschaft mit beschr\u00e4nkter Haftung, die im Januar 2011 aufgrund des Willens ihres Eigent\u00fcmers, eines Absolventen der Agrarwissenschaften sowie langj\u00e4hriger Erfahrung in der Vermarktung und dem Export von landwirtschaftlichen Halbzeugen<\/p>\n","protected":false},"author":2,"featured_media":0,"parent":0,"menu_order":1,"comment_status":"closed","ping_status":"closed","template":"","meta":{"footnotes":""},"yoast_head":"<!-- This site is optimized with the Yoast SEO plugin v24.5 - https:\/\/yoast.com\/wordpress\/plugins\/seo\/ -->\n<title>UNTERNEHMEN - Cleopatra general import and export company - Egypt Italy and Europe<\/title>\n<meta name=\"robots\" content=\"index, follow, max-snippet:-1, max-image-preview:large, max-video-preview:-1\" \/>\n<link rel=\"canonical\" href=\"https:\/\/cleopatraimportexport.com\/de\/unternehmen\/\" \/>\n<meta property=\"og:locale\" content=\"de_DE\" \/>\n<meta property=\"og:type\" content=\"article\" \/>\n<meta property=\"og:title\" content=\"UNTERNEHMEN - Cleopatra general import and export company - Egypt Italy and Europe\" \/>\n<meta property=\"og:description\" content=\"[vc_row full_width=&#8220;stretch_row_content_no_spaces&#8220; css_animation=&#8220;fadeInUp&#8220;][vc_column][vc_single_image image=&#8220;127&#8243; img_size=&#8220;full&#8220; alignment=&#8220;center&#8220;][\/vc_column][\/vc_row][vc_row][vc_column][vc_single_image image=&#8220;232&#8243; img_size=&#8220;full&#8220; alignment=&#8220;center&#8220;][vc_column_text]Cleopatra ist eine Gesellschaft mit beschr\u00e4nkter Haftung, die im Januar 2011 aufgrund des Willens ihres Eigent\u00fcmers, eines Absolventen der Agrarwissenschaften sowie langj\u00e4hriger Erfahrung in der Vermarktung und dem Export von landwirtschaftlichen Halbzeugen\" \/>\n<meta property=\"og:url\" content=\"https:\/\/cleopatraimportexport.com\/de\/unternehmen\/\" \/>\n<meta property=\"og:site_name\" content=\"Cleopatra general import and export company - Egypt Italy and Europe\" \/>\n<meta name=\"twitter:card\" content=\"summary_large_image\" \/>\n<meta name=\"twitter:label1\" content=\"Gesch\u00e4tzte Lesezeit\" \/>\n\t<meta name=\"twitter:data1\" content=\"1\u00a0Minute\" \/>\n<script type=\"application\/ld+json\" class=\"yoast-schema-graph\">{\"@context\":\"https:\/\/schema.org\",\"@graph\":[{\"@type\":\"WebPage\",\"@id\":\"https:\/\/cleopatraimportexport.com\/de\/unternehmen\/\",\"url\":\"https:\/\/cleopatraimportexport.com\/de\/unternehmen\/\",\"name\":\"UNTERNEHMEN - Cleopatra general import and export company - Egypt Italy and Europe\",\"isPartOf\":{\"@id\":\"https:\/\/cleopatraimportexport.com\/#website\"},\"datePublished\":\"2021-04-22T18:42:11+00:00\",\"breadcrumb\":{\"@id\":\"https:\/\/cleopatraimportexport.com\/de\/unternehmen\/#breadcrumb\"},\"inLanguage\":\"de\",\"potentialAction\":[{\"@type\":\"ReadAction\",\"target\":[\"https:\/\/cleopatraimportexport.com\/de\/unternehmen\/\"]}]},{\"@type\":\"BreadcrumbList\",\"@id\":\"https:\/\/cleopatraimportexport.com\/de\/unternehmen\/#breadcrumb\",\"itemListElement\":[{\"@type\":\"ListItem\",\"position\":1,\"name\":\"Home\",\"item\":\"https:\/\/cleopatraimportexport.com\/de\/\"},{\"@type\":\"ListItem\",\"position\":2,\"name\":\"UNTERNEHMEN\"}]},{\"@type\":\"WebSite\",\"@id\":\"https:\/\/cleopatraimportexport.com\/#website\",\"url\":\"https:\/\/cleopatraimportexport.com\/\",\"name\":\"Cleopatra general import and export company - Egypt Italy and Europe\",\"description\":\"Cleopatra general import and export company - Egypt Italy and Europe\",\"publisher\":{\"@id\":\"https:\/\/cleopatraimportexport.com\/#organization\"},\"potentialAction\":[{\"@type\":\"SearchAction\",\"target\":{\"@type\":\"EntryPoint\",\"urlTemplate\":\"https:\/\/cleopatraimportexport.com\/?s={search_term_string}\"},\"query-input\":{\"@type\":\"PropertyValueSpecification\",\"valueRequired\":true,\"valueName\":\"search_term_string\"}}],\"inLanguage\":\"de\"},{\"@type\":\"Organization\",\"@id\":\"https:\/\/cleopatraimportexport.com\/#organization\",\"name\":\"Cleopatra general import and export company - Egypt Italy and Europe\",\"url\":\"https:\/\/cleopatraimportexport.com\/\",\"logo\":{\"@type\":\"ImageObject\",\"inLanguage\":\"de\",\"@id\":\"https:\/\/cleopatraimportexport.com\/#\/schema\/logo\/image\/\",\"url\":\"https:\/\/cleopatraimportexport.com\/wp-content\/uploads\/2021\/02\/logo_cleopatra.png\",\"contentUrl\":\"https:\/\/cleopatraimportexport.com\/wp-content\/uploads\/2021\/02\/logo_cleopatra.png\",\"width\":180,\"height\":87,\"caption\":\"Cleopatra general import and export company - Egypt Italy and Europe\"},\"image\":{\"@id\":\"https:\/\/cleopatraimportexport.com\/#\/schema\/logo\/image\/\"}}]}<\/script>\n<!-- \/ Yoast SEO plugin. -->","yoast_head_json":{"title":"UNTERNEHMEN - Cleopatra general import and export company - Egypt Italy and Europe","robots":{"index":"index","follow":"follow","max-snippet":"max-snippet:-1","max-image-preview":"max-image-preview:large","max-video-preview":"max-video-preview:-1"},"canonical":"https:\/\/cleopatraimportexport.com\/de\/unternehmen\/","og_locale":"de_DE","og_type":"article","og_title":"UNTERNEHMEN - Cleopatra general import and export company - Egypt Italy and Europe","og_description":"[vc_row full_width=&#8220;stretch_row_content_no_spaces&#8220; css_animation=&#8220;fadeInUp&#8220;][vc_column][vc_single_image image=&#8220;127&#8243; img_size=&#8220;full&#8220; alignment=&#8220;center&#8220;][\/vc_column][\/vc_row][vc_row][vc_column][vc_single_image image=&#8220;232&#8243; img_size=&#8220;full&#8220; alignment=&#8220;center&#8220;][vc_column_text]Cleopatra ist eine Gesellschaft mit beschr\u00e4nkter Haftung, die im Januar 2011 aufgrund des Willens ihres Eigent\u00fcmers, eines Absolventen der Agrarwissenschaften sowie langj\u00e4hriger Erfahrung in der Vermarktung und dem Export von landwirtschaftlichen Halbzeugen","og_url":"https:\/\/cleopatraimportexport.com\/de\/unternehmen\/","og_site_name":"Cleopatra general import and export company - Egypt Italy and Europe","twitter_card":"summary_large_image","twitter_misc":{"Gesch\u00e4tzte Lesezeit":"1\u00a0Minute"},"schema":{"@context":"https:\/\/schema.org","@graph":[{"@type":"WebPage","@id":"https:\/\/cleopatraimportexport.com\/de\/unternehmen\/","url":"https:\/\/cleopatraimportexport.com\/de\/unternehmen\/","name":"UNTERNEHMEN - Cleopatra general import and export company - Egypt Italy and Europe","isPartOf":{"@id":"https:\/\/cleopatraimportexport.com\/#website"},"datePublished":"2021-04-22T18:42:11+00:00","breadcrumb":{"@id":"https:\/\/cleopatraimportexport.com\/de\/unternehmen\/#breadcrumb"},"inLanguage":"de","potentialAction":[{"@type":"ReadAction","target":["https:\/\/cleopatraimportexport.com\/de\/unternehmen\/"]}]},{"@type":"BreadcrumbList","@id":"https:\/\/cleopatraimportexport.com\/de\/unternehmen\/#breadcrumb","itemListElement":[{"@type":"ListItem","position":1,"name":"Home","item":"https:\/\/cleopatraimportexport.com\/de\/"},{"@type":"ListItem","position":2,"name":"UNTERNEHMEN"}]},{"@type":"WebSite","@id":"https:\/\/cleopatraimportexport.com\/#website","url":"https:\/\/cleopatraimportexport.com\/","name":"Cleopatra general import and export company - Egypt Italy and Europe","description":"Cleopatra general import and export company - Egypt Italy and Europe","publisher":{"@id":"https:\/\/cleopatraimportexport.com\/#organization"},"potentialAction":[{"@type":"SearchAction","target":{"@type":"EntryPoint","urlTemplate":"https:\/\/cleopatraimportexport.com\/?s={search_term_string}"},"query-input":{"@type":"PropertyValueSpecification","valueRequired":true,"valueName":"search_term_string"}}],"inLanguage":"de"},{"@type":"Organization","@id":"https:\/\/cleopatraimportexport.com\/#organization","name":"Cleopatra general import and export company - Egypt Italy and Europe","url":"https:\/\/cleopatraimportexport.com\/","logo":{"@type":"ImageObject","inLanguage":"de","@id":"https:\/\/cleopatraimportexport.com\/#\/schema\/logo\/image\/","url":"https:\/\/cleopatraimportexport.com\/wp-content\/uploads\/2021\/02\/logo_cleopatra.png","contentUrl":"https:\/\/cleopatraimportexport.com\/wp-content\/uploads\/2021\/02\/logo_cleopatra.png","width":180,"height":87,"caption":"Cleopatra general import and export company - Egypt Italy and Europe"},"image":{"@id":"https:\/\/cleopatraimportexport.com\/#\/schema\/logo\/image\/"}}]}},"_links":{"self":[{"href":"https:\/\/cleopatraimportexport.com\/de\/wp-json\/wp\/v2\/pages\/859\/"}],"collection":[{"href":"https:\/\/cleopatraimportexport.com\/de\/wp-json\/wp\/v2\/pages\/"}],"about":[{"href":"https:\/\/cleopatraimportexport.com\/de\/wp-json\/wp\/v2\/types\/page\/"}],"author":[{"embeddable":true,"href":"https:\/\/cleopatraimportexport.com\/de\/wp-json\/wp\/v2\/users\/2\/"}],"replies":[{"embeddable":true,"href":"https:\/\/cleopatraimportexport.com\/de\/wp-json\/wp\/v2\/comments\/?post=859"}],"version-history":[{"count":0,"href":"https:\/\/cleopatraimportexport.com\/de\/wp-json\/wp\/v2\/pages\/859\/revisions\/"}],"wp:attachment":[{"href":"https:\/\/cleopatraimportexport.com\/de\/wp-json\/wp\/v2\/media\/?parent=859"}],"curies":[{"name":"wp","href":"https:\/\/api.w.org\/{rel}","templated":true}]}}