{"id":846,"date":"2021-04-22T18:35:44","date_gmt":"2021-04-22T18:35:44","guid":{"rendered":"https:\/\/cleopatraimportexport.com\/?page_id=846"},"modified":"2021-04-22T18:35:44","modified_gmt":"2021-04-22T18:35:44","slug":"import","status":"publish","type":"page","link":"https:\/\/cleopatraimportexport.com\/de\/import\/","title":{"rendered":"IMPORT"},"content":{"rendered":"<div class=\"wpb-content-wrapper\"><p>[vc_row full_width=&#8220;stretch_row_content_no_spaces&#8220;][vc_column][vc_single_image image=&#8220;149&#8243; img_size=&#8220;full&#8220; alignment=&#8220;center&#8220; css_animation=&#8220;fadeInUp&#8220;][\/vc_column][\/vc_row][vc_row][vc_column][vc_column_text]Cleopatra Import ist ein Unternehmen, das sich auf den Import von \u00c4pfeln und Kiwis aus L\u00e4ndern der Europ\u00e4ischen Union spezialisiert hat.<\/p>\n<p>Ein weiterer hochspezialisierter Sektor ist der Import von <strong>Magermilchpulver<\/strong> mit hohem Proteingehalt aus den EU-L\u00e4ndern f\u00fcr die Herstellung von K\u00e4se, S\u00fc\u00dfigkeiten und Eiscreme.[\/vc_column_text][vc_empty_space height=&#8220;52px&#8220; el_class=&#8220;desktop&#8220;][\/vc_column][\/vc_row][vc_row][vc_column width=&#8220;1\/3&#8243;][vc_single_image image=&#8220;472&#8243; img_size=&#8220;&#8220; alignment=&#8220;center&#8220; css_animation=&#8220;fadeInUp&#8220; css=&#8220;.vc_custom_1617525688195{margin-bottom: 0px !important;}&#8220;][vc_column_text]<\/p>\n<h2 style=\"text-align: center;\">MILCHPULVER<\/h2>\n<p>[\/vc_column_text][\/vc_column][vc_column width=&#8220;1\/3&#8243;][vc_single_image image=&#8220;298&#8243; img_size=&#8220;&#8220; alignment=&#8220;center&#8220; css_animation=&#8220;fadeInUp&#8220; css=&#8220;.vc_custom_1617437695782{margin-bottom: 0px !important;}&#8220;][vc_column_text]<\/p>\n<h2 style=\"text-align: center;\">\u00c4PFEL<\/h2>\n<p>[\/vc_column_text][\/vc_column][vc_column width=&#8220;1\/3&#8243;][vc_single_image image=&#8220;295&#8243; img_size=&#8220;full&#8220; alignment=&#8220;center&#8220; css_animation=&#8220;fadeInUp&#8220; css=&#8220;.vc_custom_1617437701902{margin-bottom: 0px !important;}&#8220;][vc_column_text]<\/p>\n<h2 style=\"text-align: center;\">KIWI<\/h2>\n<p>[\/vc_column_text][\/vc_column][\/vc_row]<\/p>\n<\/div>","protected":false},"excerpt":{"rendered":"<p>[vc_row full_width=&#8220;stretch_row_content_no_spaces&#8220;][vc_column][vc_single_image image=&#8220;149&#8243; img_size=&#8220;full&#8220; alignment=&#8220;center&#8220; css_animation=&#8220;fadeInUp&#8220;][\/vc_column][\/vc_row][vc_row][vc_column][vc_column_text]Cleopatra Import ist ein Unternehmen, das sich auf den Import von \u00c4pfeln und Kiwis aus L\u00e4ndern der Europ\u00e4ischen Union spezialisiert hat. Ein weiterer hochspezialisierter Sektor ist der Import von Magermilchpulver mit hohem Proteingehalt aus den<\/p>\n","protected":false},"author":2,"featured_media":0,"parent":0,"menu_order":2,"comment_status":"closed","ping_status":"closed","template":"","meta":{"footnotes":""},"yoast_head":"<!-- This site is optimized with the Yoast SEO plugin v24.5 - https:\/\/yoast.com\/wordpress\/plugins\/seo\/ -->\n<title>IMPORT - Cleopatra general import and export company - Egypt Italy and Europe<\/title>\n<meta name=\"robots\" content=\"index, follow, max-snippet:-1, max-image-preview:large, max-video-preview:-1\" \/>\n<link rel=\"canonical\" href=\"https:\/\/cleopatraimportexport.com\/de\/import\/\" \/>\n<meta property=\"og:locale\" content=\"de_DE\" \/>\n<meta property=\"og:type\" content=\"article\" \/>\n<meta property=\"og:title\" content=\"IMPORT - Cleopatra general import and export company - Egypt Italy and Europe\" \/>\n<meta property=\"og:description\" content=\"[vc_row full_width=&#8220;stretch_row_content_no_spaces&#8220;][vc_column][vc_single_image image=&#8220;149&#8243; img_size=&#8220;full&#8220; alignment=&#8220;center&#8220; css_animation=&#8220;fadeInUp&#8220;][\/vc_column][\/vc_row][vc_row][vc_column][vc_column_text]Cleopatra Import ist ein Unternehmen, das sich auf den Import von \u00c4pfeln und Kiwis aus L\u00e4ndern der Europ\u00e4ischen Union spezialisiert hat. Ein weiterer hochspezialisierter Sektor ist der Import von Magermilchpulver mit hohem Proteingehalt aus den\" \/>\n<meta property=\"og:url\" content=\"https:\/\/cleopatraimportexport.com\/de\/import\/\" \/>\n<meta property=\"og:site_name\" content=\"Cleopatra general import and export company - Egypt Italy and Europe\" \/>\n<meta name=\"twitter:card\" content=\"summary_large_image\" \/>\n<meta name=\"twitter:label1\" content=\"Gesch\u00e4tzte Lesezeit\" \/>\n\t<meta name=\"twitter:data1\" content=\"1\u00a0Minute\" \/>\n<script type=\"application\/ld+json\" class=\"yoast-schema-graph\">{\"@context\":\"https:\/\/schema.org\",\"@graph\":[{\"@type\":\"WebPage\",\"@id\":\"https:\/\/cleopatraimportexport.com\/de\/import\/\",\"url\":\"https:\/\/cleopatraimportexport.com\/de\/import\/\",\"name\":\"IMPORT - Cleopatra general import and export company - Egypt Italy and Europe\",\"isPartOf\":{\"@id\":\"https:\/\/cleopatraimportexport.com\/#website\"},\"datePublished\":\"2021-04-22T18:35:44+00:00\",\"breadcrumb\":{\"@id\":\"https:\/\/cleopatraimportexport.com\/de\/import\/#breadcrumb\"},\"inLanguage\":\"de\",\"potentialAction\":[{\"@type\":\"ReadAction\",\"target\":[\"https:\/\/cleopatraimportexport.com\/de\/import\/\"]}]},{\"@type\":\"BreadcrumbList\",\"@id\":\"https:\/\/cleopatraimportexport.com\/de\/import\/#breadcrumb\",\"itemListElement\":[{\"@type\":\"ListItem\",\"position\":1,\"name\":\"Home\",\"item\":\"https:\/\/cleopatraimportexport.com\/de\/\"},{\"@type\":\"ListItem\",\"position\":2,\"name\":\"IMPORT\"}]},{\"@type\":\"WebSite\",\"@id\":\"https:\/\/cleopatraimportexport.com\/#website\",\"url\":\"https:\/\/cleopatraimportexport.com\/\",\"name\":\"Cleopatra general import and export company - Egypt Italy and Europe\",\"description\":\"Cleopatra general import and export company - Egypt Italy and Europe\",\"publisher\":{\"@id\":\"https:\/\/cleopatraimportexport.com\/#organization\"},\"potentialAction\":[{\"@type\":\"SearchAction\",\"target\":{\"@type\":\"EntryPoint\",\"urlTemplate\":\"https:\/\/cleopatraimportexport.com\/?s={search_term_string}\"},\"query-input\":{\"@type\":\"PropertyValueSpecification\",\"valueRequired\":true,\"valueName\":\"search_term_string\"}}],\"inLanguage\":\"de\"},{\"@type\":\"Organization\",\"@id\":\"https:\/\/cleopatraimportexport.com\/#organization\",\"name\":\"Cleopatra general import and export company - Egypt Italy and Europe\",\"url\":\"https:\/\/cleopatraimportexport.com\/\",\"logo\":{\"@type\":\"ImageObject\",\"inLanguage\":\"de\",\"@id\":\"https:\/\/cleopatraimportexport.com\/#\/schema\/logo\/image\/\",\"url\":\"https:\/\/cleopatraimportexport.com\/wp-content\/uploads\/2021\/02\/logo_cleopatra.png\",\"contentUrl\":\"https:\/\/cleopatraimportexport.com\/wp-content\/uploads\/2021\/02\/logo_cleopatra.png\",\"width\":180,\"height\":87,\"caption\":\"Cleopatra general import and export company - Egypt Italy and Europe\"},\"image\":{\"@id\":\"https:\/\/cleopatraimportexport.com\/#\/schema\/logo\/image\/\"}}]}<\/script>\n<!-- \/ Yoast SEO plugin. -->","yoast_head_json":{"title":"IMPORT - Cleopatra general import and export company - Egypt Italy and Europe","robots":{"index":"index","follow":"follow","max-snippet":"max-snippet:-1","max-image-preview":"max-image-preview:large","max-video-preview":"max-video-preview:-1"},"canonical":"https:\/\/cleopatraimportexport.com\/de\/import\/","og_locale":"de_DE","og_type":"article","og_title":"IMPORT - Cleopatra general import and export company - Egypt Italy and Europe","og_description":"[vc_row full_width=&#8220;stretch_row_content_no_spaces&#8220;][vc_column][vc_single_image image=&#8220;149&#8243; img_size=&#8220;full&#8220; alignment=&#8220;center&#8220; css_animation=&#8220;fadeInUp&#8220;][\/vc_column][\/vc_row][vc_row][vc_column][vc_column_text]Cleopatra Import ist ein Unternehmen, das sich auf den Import von \u00c4pfeln und Kiwis aus L\u00e4ndern der Europ\u00e4ischen Union spezialisiert hat. Ein weiterer hochspezialisierter Sektor ist der Import von Magermilchpulver mit hohem Proteingehalt aus den","og_url":"https:\/\/cleopatraimportexport.com\/de\/import\/","og_site_name":"Cleopatra general import and export company - Egypt Italy and Europe","twitter_card":"summary_large_image","twitter_misc":{"Gesch\u00e4tzte Lesezeit":"1\u00a0Minute"},"schema":{"@context":"https:\/\/schema.org","@graph":[{"@type":"WebPage","@id":"https:\/\/cleopatraimportexport.com\/de\/import\/","url":"https:\/\/cleopatraimportexport.com\/de\/import\/","name":"IMPORT - Cleopatra general import and export company - Egypt Italy and Europe","isPartOf":{"@id":"https:\/\/cleopatraimportexport.com\/#website"},"datePublished":"2021-04-22T18:35:44+00:00","breadcrumb":{"@id":"https:\/\/cleopatraimportexport.com\/de\/import\/#breadcrumb"},"inLanguage":"de","potentialAction":[{"@type":"ReadAction","target":["https:\/\/cleopatraimportexport.com\/de\/import\/"]}]},{"@type":"BreadcrumbList","@id":"https:\/\/cleopatraimportexport.com\/de\/import\/#breadcrumb","itemListElement":[{"@type":"ListItem","position":1,"name":"Home","item":"https:\/\/cleopatraimportexport.com\/de\/"},{"@type":"ListItem","position":2,"name":"IMPORT"}]},{"@type":"WebSite","@id":"https:\/\/cleopatraimportexport.com\/#website","url":"https:\/\/cleopatraimportexport.com\/","name":"Cleopatra general import and export company - Egypt Italy and Europe","description":"Cleopatra general import and export company - Egypt Italy and Europe","publisher":{"@id":"https:\/\/cleopatraimportexport.com\/#organization"},"potentialAction":[{"@type":"SearchAction","target":{"@type":"EntryPoint","urlTemplate":"https:\/\/cleopatraimportexport.com\/?s={search_term_string}"},"query-input":{"@type":"PropertyValueSpecification","valueRequired":true,"valueName":"search_term_string"}}],"inLanguage":"de"},{"@type":"Organization","@id":"https:\/\/cleopatraimportexport.com\/#organization","name":"Cleopatra general import and export company - Egypt Italy and Europe","url":"https:\/\/cleopatraimportexport.com\/","logo":{"@type":"ImageObject","inLanguage":"de","@id":"https:\/\/cleopatraimportexport.com\/#\/schema\/logo\/image\/","url":"https:\/\/cleopatraimportexport.com\/wp-content\/uploads\/2021\/02\/logo_cleopatra.png","contentUrl":"https:\/\/cleopatraimportexport.com\/wp-content\/uploads\/2021\/02\/logo_cleopatra.png","width":180,"height":87,"caption":"Cleopatra general import and export company - Egypt Italy and Europe"},"image":{"@id":"https:\/\/cleopatraimportexport.com\/#\/schema\/logo\/image\/"}}]}},"_links":{"self":[{"href":"https:\/\/cleopatraimportexport.com\/de\/wp-json\/wp\/v2\/pages\/846\/"}],"collection":[{"href":"https:\/\/cleopatraimportexport.com\/de\/wp-json\/wp\/v2\/pages\/"}],"about":[{"href":"https:\/\/cleopatraimportexport.com\/de\/wp-json\/wp\/v2\/types\/page\/"}],"author":[{"embeddable":true,"href":"https:\/\/cleopatraimportexport.com\/de\/wp-json\/wp\/v2\/users\/2\/"}],"replies":[{"embeddable":true,"href":"https:\/\/cleopatraimportexport.com\/de\/wp-json\/wp\/v2\/comments\/?post=846"}],"version-history":[{"count":0,"href":"https:\/\/cleopatraimportexport.com\/de\/wp-json\/wp\/v2\/pages\/846\/revisions\/"}],"wp:attachment":[{"href":"https:\/\/cleopatraimportexport.com\/de\/wp-json\/wp\/v2\/media\/?parent=846"}],"curies":[{"name":"wp","href":"https:\/\/api.w.org\/{rel}","templated":true}]}}