{"id":834,"date":"2021-04-22T18:29:50","date_gmt":"2021-04-22T18:29:50","guid":{"rendered":"https:\/\/cleopatraimportexport.com\/?page_id=834"},"modified":"2021-04-22T18:29:50","modified_gmt":"2021-04-22T18:29:50","slug":"export","status":"publish","type":"page","link":"https:\/\/cleopatraimportexport.com\/de\/export\/","title":{"rendered":"EXPORT"},"content":{"rendered":"<div class=\"wpb-content-wrapper\"><p>[vc_row full_width=&#8220;stretch_row_content_no_spaces&#8220;][vc_column][vc_single_image image=&#8220;403&#8243; img_size=&#8220;full&#8220; alignment=&#8220;center&#8220; css_animation=&#8220;fadeInUp&#8220;][\/vc_column][\/vc_row][vc_row][vc_column][vc_column_text]Cleopatra f\u00fcr den Import und Export ist ein Unternehmen, das sich auf den Export und die Vermarktung von Lebensmitteln f\u00fcr die Konservenindustrie spezialisiert hat, die nach den Bed\u00fcrfnissen des Verbrauchers hergestellt und verpackt wurden.[\/vc_column_text][\/vc_column][\/vc_row][vc_row][vc_column][vc_empty_space height=&#8220;52px&#8220; el_class=&#8220;desktop&#8220;][\/vc_column][\/vc_row][vc_row][vc_column width=&#8220;1\/3&#8243;][vc_single_image image=&#8220;660&#8243; img_size=&#8220;full&#8220; alignment=&#8220;center&#8220; css_animation=&#8220;fadeInUp&#8220; css=&#8220;.vc_custom_1617784944308{margin-bottom: 0px !important;}&#8220;][vc_column_text]<\/p>\n<h2 style=\"text-align: center;\">ARTISCHOCKEN<\/h2>\n<p>[\/vc_column_text][\/vc_column][vc_column width=&#8220;1\/3&#8243;][vc_single_image image=&#8220;283&#8243; img_size=&#8220;full&#8220; alignment=&#8220;center&#8220; css_animation=&#8220;fadeInUp&#8220; css=&#8220;.vc_custom_1617437252055{margin-bottom: 0px !important;}&#8220;][vc_column_text]<\/p>\n<h2 style=\"text-align: center;\">OLIVEN<\/h2>\n<p>[\/vc_column_text][\/vc_column][vc_column width=&#8220;1\/3&#8243;][vc_single_image image=&#8220;286&#8243; img_size=&#8220;full&#8220; alignment=&#8220;center&#8220; css_animation=&#8220;fadeInUp&#8220; css=&#8220;.vc_custom_1617437256999{margin-bottom: 0px !important;}&#8220;][vc_column_text]<\/p>\n<h2 style=\"text-align: center;\">KARTOFFELN<\/h2>\n<p>[\/vc_column_text][\/vc_column][\/vc_row][vc_row][vc_column][vc_empty_space height=&#8220;52px&#8220; el_class=&#8220;desktop&#8220;][\/vc_column][\/vc_row][vc_row][vc_column width=&#8220;1\/3&#8243;][vc_single_image image=&#8220;289&#8243; img_size=&#8220;full&#8220; alignment=&#8220;center&#8220; css_animation=&#8220;fadeInUp&#8220; css=&#8220;.vc_custom_1617437262102{margin-bottom: 0px !important;}&#8220;][vc_column_text]<\/p>\n<h2 style=\"text-align: center;\">PFEFFER<\/h2>\n<p>[\/vc_column_text][\/vc_column][vc_column width=&#8220;1\/3&#8243;][vc_single_image image=&#8220;384&#8243; img_size=&#8220;&#8220; alignment=&#8220;center&#8220; css_animation=&#8220;fadeInUp&#8220; css=&#8220;.vc_custom_1617450538682{margin-bottom: 0px !important;}&#8220;][vc_column_text]<\/p>\n<h2 style=\"text-align: center;\">BOHNEN<\/h2>\n<p>[\/vc_column_text][\/vc_column][vc_column width=&#8220;1\/3&#8243;][vc_single_image image=&#8220;271&#8243; img_size=&#8220;full&#8220; alignment=&#8220;center&#8220; css_animation=&#8220;fadeInUp&#8220; css=&#8220;.vc_custom_1617437642569{margin-bottom: 0px !important;}&#8220;][vc_column_text]<\/p>\n<h2 style=\"text-align: center;\">ERDN\u00dcSSE<\/h2>\n<p>[\/vc_column_text][\/vc_column][\/vc_row][vc_row][vc_column][vc_empty_space height=&#8220;52px&#8220; el_class=&#8220;desktop&#8220;][\/vc_column][\/vc_row][vc_row][vc_column width=&#8220;1\/3&#8243;][\/vc_column][vc_column width=&#8220;1\/3&#8243;][vc_single_image image=&#8220;277&#8243; img_size=&#8220;full&#8220; alignment=&#8220;center&#8220; css_animation=&#8220;fadeInUp&#8220; css=&#8220;.vc_custom_1617437681962{margin-bottom: 0px !important;}&#8220;][vc_column_text]<\/p>\n<h2 style=\"text-align: center;\">DATEN<\/h2>\n<p>[\/vc_column_text][\/vc_column][vc_column width=&#8220;1\/3&#8243;][\/vc_column][\/vc_row]<\/p>\n<\/div>","protected":false},"excerpt":{"rendered":"<p>[vc_row full_width=&#8220;stretch_row_content_no_spaces&#8220;][vc_column][vc_single_image image=&#8220;403&#8243; img_size=&#8220;full&#8220; alignment=&#8220;center&#8220; css_animation=&#8220;fadeInUp&#8220;][\/vc_column][\/vc_row][vc_row][vc_column][vc_column_text]Cleopatra f\u00fcr den Import und Export ist ein Unternehmen, das sich auf den Export und die Vermarktung von Lebensmitteln f\u00fcr die Konservenindustrie spezialisiert hat, die nach den Bed\u00fcrfnissen des Verbrauchers hergestellt und verpackt wurden.[\/vc_column_text][\/vc_column][\/vc_row][vc_row][vc_column][vc_empty_space height=&#8220;52px&#8220;<\/p>\n","protected":false},"author":2,"featured_media":0,"parent":0,"menu_order":3,"comment_status":"closed","ping_status":"closed","template":"","meta":{"footnotes":""},"yoast_head":"<!-- This site is optimized with the Yoast SEO plugin v24.5 - https:\/\/yoast.com\/wordpress\/plugins\/seo\/ -->\n<title>EXPORT - Cleopatra general import and export company - Egypt Italy and Europe<\/title>\n<meta name=\"robots\" content=\"index, follow, max-snippet:-1, max-image-preview:large, max-video-preview:-1\" \/>\n<link rel=\"canonical\" href=\"https:\/\/cleopatraimportexport.com\/de\/export\/\" \/>\n<meta property=\"og:locale\" content=\"de_DE\" \/>\n<meta property=\"og:type\" content=\"article\" \/>\n<meta property=\"og:title\" content=\"EXPORT - Cleopatra general import and export company - Egypt Italy and Europe\" \/>\n<meta property=\"og:description\" content=\"[vc_row full_width=&#8220;stretch_row_content_no_spaces&#8220;][vc_column][vc_single_image image=&#8220;403&#8243; img_size=&#8220;full&#8220; alignment=&#8220;center&#8220; css_animation=&#8220;fadeInUp&#8220;][\/vc_column][\/vc_row][vc_row][vc_column][vc_column_text]Cleopatra f\u00fcr den Import und Export ist ein Unternehmen, das sich auf den Export und die Vermarktung von Lebensmitteln f\u00fcr die Konservenindustrie spezialisiert hat, die nach den Bed\u00fcrfnissen des Verbrauchers hergestellt und verpackt wurden.[\/vc_column_text][\/vc_column][\/vc_row][vc_row][vc_column][vc_empty_space height=&#8220;52px&#8220;\" \/>\n<meta property=\"og:url\" content=\"https:\/\/cleopatraimportexport.com\/de\/export\/\" \/>\n<meta property=\"og:site_name\" content=\"Cleopatra general import and export company - Egypt Italy and Europe\" \/>\n<meta name=\"twitter:card\" content=\"summary_large_image\" \/>\n<meta name=\"twitter:label1\" content=\"Gesch\u00e4tzte Lesezeit\" \/>\n\t<meta name=\"twitter:data1\" content=\"1\u00a0Minute\" \/>\n<script type=\"application\/ld+json\" class=\"yoast-schema-graph\">{\"@context\":\"https:\/\/schema.org\",\"@graph\":[{\"@type\":\"WebPage\",\"@id\":\"https:\/\/cleopatraimportexport.com\/de\/export\/\",\"url\":\"https:\/\/cleopatraimportexport.com\/de\/export\/\",\"name\":\"EXPORT - Cleopatra general import and export company - Egypt Italy and Europe\",\"isPartOf\":{\"@id\":\"https:\/\/cleopatraimportexport.com\/#website\"},\"datePublished\":\"2021-04-22T18:29:50+00:00\",\"breadcrumb\":{\"@id\":\"https:\/\/cleopatraimportexport.com\/de\/export\/#breadcrumb\"},\"inLanguage\":\"de\",\"potentialAction\":[{\"@type\":\"ReadAction\",\"target\":[\"https:\/\/cleopatraimportexport.com\/de\/export\/\"]}]},{\"@type\":\"BreadcrumbList\",\"@id\":\"https:\/\/cleopatraimportexport.com\/de\/export\/#breadcrumb\",\"itemListElement\":[{\"@type\":\"ListItem\",\"position\":1,\"name\":\"Home\",\"item\":\"https:\/\/cleopatraimportexport.com\/de\/\"},{\"@type\":\"ListItem\",\"position\":2,\"name\":\"EXPORT\"}]},{\"@type\":\"WebSite\",\"@id\":\"https:\/\/cleopatraimportexport.com\/#website\",\"url\":\"https:\/\/cleopatraimportexport.com\/\",\"name\":\"Cleopatra general import and export company - Egypt Italy and Europe\",\"description\":\"Cleopatra general import and export company - Egypt Italy and Europe\",\"publisher\":{\"@id\":\"https:\/\/cleopatraimportexport.com\/#organization\"},\"potentialAction\":[{\"@type\":\"SearchAction\",\"target\":{\"@type\":\"EntryPoint\",\"urlTemplate\":\"https:\/\/cleopatraimportexport.com\/?s={search_term_string}\"},\"query-input\":{\"@type\":\"PropertyValueSpecification\",\"valueRequired\":true,\"valueName\":\"search_term_string\"}}],\"inLanguage\":\"de\"},{\"@type\":\"Organization\",\"@id\":\"https:\/\/cleopatraimportexport.com\/#organization\",\"name\":\"Cleopatra general import and export company - Egypt Italy and Europe\",\"url\":\"https:\/\/cleopatraimportexport.com\/\",\"logo\":{\"@type\":\"ImageObject\",\"inLanguage\":\"de\",\"@id\":\"https:\/\/cleopatraimportexport.com\/#\/schema\/logo\/image\/\",\"url\":\"https:\/\/cleopatraimportexport.com\/wp-content\/uploads\/2021\/02\/logo_cleopatra.png\",\"contentUrl\":\"https:\/\/cleopatraimportexport.com\/wp-content\/uploads\/2021\/02\/logo_cleopatra.png\",\"width\":180,\"height\":87,\"caption\":\"Cleopatra general import and export company - Egypt Italy and Europe\"},\"image\":{\"@id\":\"https:\/\/cleopatraimportexport.com\/#\/schema\/logo\/image\/\"}}]}<\/script>\n<!-- \/ Yoast SEO plugin. -->","yoast_head_json":{"title":"EXPORT - Cleopatra general import and export company - Egypt Italy and Europe","robots":{"index":"index","follow":"follow","max-snippet":"max-snippet:-1","max-image-preview":"max-image-preview:large","max-video-preview":"max-video-preview:-1"},"canonical":"https:\/\/cleopatraimportexport.com\/de\/export\/","og_locale":"de_DE","og_type":"article","og_title":"EXPORT - Cleopatra general import and export company - Egypt Italy and Europe","og_description":"[vc_row full_width=&#8220;stretch_row_content_no_spaces&#8220;][vc_column][vc_single_image image=&#8220;403&#8243; img_size=&#8220;full&#8220; alignment=&#8220;center&#8220; css_animation=&#8220;fadeInUp&#8220;][\/vc_column][\/vc_row][vc_row][vc_column][vc_column_text]Cleopatra f\u00fcr den Import und Export ist ein Unternehmen, das sich auf den Export und die Vermarktung von Lebensmitteln f\u00fcr die Konservenindustrie spezialisiert hat, die nach den Bed\u00fcrfnissen des Verbrauchers hergestellt und verpackt wurden.[\/vc_column_text][\/vc_column][\/vc_row][vc_row][vc_column][vc_empty_space height=&#8220;52px&#8220;","og_url":"https:\/\/cleopatraimportexport.com\/de\/export\/","og_site_name":"Cleopatra general import and export company - Egypt Italy and Europe","twitter_card":"summary_large_image","twitter_misc":{"Gesch\u00e4tzte Lesezeit":"1\u00a0Minute"},"schema":{"@context":"https:\/\/schema.org","@graph":[{"@type":"WebPage","@id":"https:\/\/cleopatraimportexport.com\/de\/export\/","url":"https:\/\/cleopatraimportexport.com\/de\/export\/","name":"EXPORT - Cleopatra general import and export company - Egypt Italy and Europe","isPartOf":{"@id":"https:\/\/cleopatraimportexport.com\/#website"},"datePublished":"2021-04-22T18:29:50+00:00","breadcrumb":{"@id":"https:\/\/cleopatraimportexport.com\/de\/export\/#breadcrumb"},"inLanguage":"de","potentialAction":[{"@type":"ReadAction","target":["https:\/\/cleopatraimportexport.com\/de\/export\/"]}]},{"@type":"BreadcrumbList","@id":"https:\/\/cleopatraimportexport.com\/de\/export\/#breadcrumb","itemListElement":[{"@type":"ListItem","position":1,"name":"Home","item":"https:\/\/cleopatraimportexport.com\/de\/"},{"@type":"ListItem","position":2,"name":"EXPORT"}]},{"@type":"WebSite","@id":"https:\/\/cleopatraimportexport.com\/#website","url":"https:\/\/cleopatraimportexport.com\/","name":"Cleopatra general import and export company - Egypt Italy and Europe","description":"Cleopatra general import and export company - Egypt Italy and Europe","publisher":{"@id":"https:\/\/cleopatraimportexport.com\/#organization"},"potentialAction":[{"@type":"SearchAction","target":{"@type":"EntryPoint","urlTemplate":"https:\/\/cleopatraimportexport.com\/?s={search_term_string}"},"query-input":{"@type":"PropertyValueSpecification","valueRequired":true,"valueName":"search_term_string"}}],"inLanguage":"de"},{"@type":"Organization","@id":"https:\/\/cleopatraimportexport.com\/#organization","name":"Cleopatra general import and export company - Egypt Italy and Europe","url":"https:\/\/cleopatraimportexport.com\/","logo":{"@type":"ImageObject","inLanguage":"de","@id":"https:\/\/cleopatraimportexport.com\/#\/schema\/logo\/image\/","url":"https:\/\/cleopatraimportexport.com\/wp-content\/uploads\/2021\/02\/logo_cleopatra.png","contentUrl":"https:\/\/cleopatraimportexport.com\/wp-content\/uploads\/2021\/02\/logo_cleopatra.png","width":180,"height":87,"caption":"Cleopatra general import and export company - Egypt Italy and Europe"},"image":{"@id":"https:\/\/cleopatraimportexport.com\/#\/schema\/logo\/image\/"}}]}},"_links":{"self":[{"href":"https:\/\/cleopatraimportexport.com\/de\/wp-json\/wp\/v2\/pages\/834\/"}],"collection":[{"href":"https:\/\/cleopatraimportexport.com\/de\/wp-json\/wp\/v2\/pages\/"}],"about":[{"href":"https:\/\/cleopatraimportexport.com\/de\/wp-json\/wp\/v2\/types\/page\/"}],"author":[{"embeddable":true,"href":"https:\/\/cleopatraimportexport.com\/de\/wp-json\/wp\/v2\/users\/2\/"}],"replies":[{"embeddable":true,"href":"https:\/\/cleopatraimportexport.com\/de\/wp-json\/wp\/v2\/comments\/?post=834"}],"version-history":[{"count":0,"href":"https:\/\/cleopatraimportexport.com\/de\/wp-json\/wp\/v2\/pages\/834\/revisions\/"}],"wp:attachment":[{"href":"https:\/\/cleopatraimportexport.com\/de\/wp-json\/wp\/v2\/media\/?parent=834"}],"curies":[{"name":"wp","href":"https:\/\/api.w.org\/{rel}","templated":true}]}}